{"id":51111,"date":"2022-05-16T14:10:54","date_gmt":"2022-05-16T12:18:23","guid":{"rendered":"https:\/\/kingarms.ee\/product\/ptt-painike-motorola-tyyppinen\/"},"modified":"2024-08-08T17:41:16","modified_gmt":"2024-08-08T14:41:16","slug":"ptt-painike-motorola-tyyppi","status":"publish","type":"product","link":"https:\/\/kingarms.ee\/fi\/product\/ptt-painike-motorola-tyyppi\/","title":{"rendered":"PTT-painike &#8211; MOTOROLA-tyyppinen"},"content":{"rendered":"","protected":false},"excerpt":{"rendered":"<p>PTT-painike sotilastyyppisell\u00e4 pistokkeella varustetuille kuulokkeille. PTT-painike kiinnitet\u00e4\u00e4n vaihteeseen kiertokiinnikkeell\u00e4.<\/p>\n","protected":false},"featured_media":50425,"template":"","meta":{"_acf_changed":false},"product_brand":[],"product_cat":[271,665],"product_tag":[],"class_list":{"0":"post-51111","1":"product","2":"type-product","3":"status-publish","4":"has-post-thumbnail","6":"product_cat-radiolahettimet","7":"product_cat-tarvikkeet","9":"first","10":"instock","11":"purchasable","12":"product-type-simple"},"acf":[],"_links":{"self":[{"href":"https:\/\/kingarms.ee\/fi\/wp-json\/wp\/v2\/product\/51111","targetHints":{"allow":["GET"]}}],"collection":[{"href":"https:\/\/kingarms.ee\/fi\/wp-json\/wp\/v2\/product"}],"about":[{"href":"https:\/\/kingarms.ee\/fi\/wp-json\/wp\/v2\/types\/product"}],"wp:featuredmedia":[{"embeddable":true,"href":"https:\/\/kingarms.ee\/fi\/wp-json\/wp\/v2\/media\/50425"}],"wp:attachment":[{"href":"https:\/\/kingarms.ee\/fi\/wp-json\/wp\/v2\/media?parent=51111"}],"wp:term":[{"taxonomy":"product_brand","embeddable":true,"href":"https:\/\/kingarms.ee\/fi\/wp-json\/wp\/v2\/product_brand?post=51111"},{"taxonomy":"product_cat","embeddable":true,"href":"https:\/\/kingarms.ee\/fi\/wp-json\/wp\/v2\/product_cat?post=51111"},{"taxonomy":"product_tag","embeddable":true,"href":"https:\/\/kingarms.ee\/fi\/wp-json\/wp\/v2\/product_tag?post=51111"}],"curies":[{"name":"wp","href":"https:\/\/api.w.org\/{rel}","templated":true}]}}