{"id":51113,"date":"2022-05-16T14:10:54","date_gmt":"2022-05-16T12:18:23","guid":{"rendered":"https:\/\/kingarms.ee\/product\/zpeltor-military-plug-ptt\/"},"modified":"2025-04-05T18:25:22","modified_gmt":"2025-04-05T15:25:22","slug":"zpeltor-military-plug-ptt-2","status":"publish","type":"product","link":"https:\/\/kingarms.ee\/fi\/product\/zpeltor-military-plug-ptt-2\/","title":{"rendered":"zPeltor Military plug PTT"},"content":{"rendered":"","protected":false},"excerpt":{"rendered":"<p>PTT-painike kuulokkeille, jotka on varustettu Military-tyyppisell\u00e4 pistokkeella. Painike kiinnitet\u00e4\u00e4n laitteeseen yksinkertaisella soljella. Sen pienet mitat helpottavat taskujen tai pussien k\u00e4ytt\u00f6\u00e4.  <\/p>\n","protected":false},"featured_media":50397,"template":"","meta":{"_acf_changed":false},"product_brand":[],"product_cat":[665],"product_tag":[],"class_list":{"0":"post-51113","1":"product","2":"type-product","3":"status-publish","4":"has-post-thumbnail","6":"product_cat-tarvikkeet","8":"first","9":"instock","10":"purchasable","11":"product-type-simple"},"acf":[],"_links":{"self":[{"href":"https:\/\/kingarms.ee\/fi\/wp-json\/wp\/v2\/product\/51113","targetHints":{"allow":["GET"]}}],"collection":[{"href":"https:\/\/kingarms.ee\/fi\/wp-json\/wp\/v2\/product"}],"about":[{"href":"https:\/\/kingarms.ee\/fi\/wp-json\/wp\/v2\/types\/product"}],"wp:featuredmedia":[{"embeddable":true,"href":"https:\/\/kingarms.ee\/fi\/wp-json\/wp\/v2\/media\/50397"}],"wp:attachment":[{"href":"https:\/\/kingarms.ee\/fi\/wp-json\/wp\/v2\/media?parent=51113"}],"wp:term":[{"taxonomy":"product_brand","embeddable":true,"href":"https:\/\/kingarms.ee\/fi\/wp-json\/wp\/v2\/product_brand?post=51113"},{"taxonomy":"product_cat","embeddable":true,"href":"https:\/\/kingarms.ee\/fi\/wp-json\/wp\/v2\/product_cat?post=51113"},{"taxonomy":"product_tag","embeddable":true,"href":"https:\/\/kingarms.ee\/fi\/wp-json\/wp\/v2\/product_tag?post=51113"}],"curies":[{"name":"wp","href":"https:\/\/api.w.org\/{rel}","templated":true}]}}