{"id":51305,"date":"2022-05-16T14:10:32","date_gmt":"2022-05-16T12:37:43","guid":{"rendered":"https:\/\/kingarms.ee\/product\/puhelintasku-musta\/"},"modified":"2024-08-08T18:02:19","modified_gmt":"2024-08-08T15:02:19","slug":"puhelin-pussi-musta","status":"publish","type":"product","link":"https:\/\/kingarms.ee\/fi\/product\/puhelin-pussi-musta\/","title":{"rendered":"Puhelintasku &#8211; musta"},"content":{"rendered":"","protected":false},"excerpt":{"rendered":"<p>Nailonista valmistettu koukkukiinnityspussi, joka on tarkoitettu elektronisten laitteiden, esimerkiksi matkapuhelimen, s\u00e4ilytykseen. Pussin sis\u00e4ll\u00e4 on pehme\u00e4 samettinen materiaalipehmuste, joka est\u00e4\u00e4 puhelimen pinnan naarmuuntumista. Pussi on riitt\u00e4v\u00e4n suuri yhden M4\/M16-makasiinin s\u00e4ilytt\u00e4miseen. Se kiinnitet\u00e4\u00e4n kahdella MOLLE-nauhahihnalla, jotka mahdollistavat sen kiinnitt\u00e4misen varusteisiin sek\u00e4 vy\u00f6h\u00f6n.<\/p>\n","protected":false},"featured_media":50809,"template":"","meta":{"_acf_changed":false},"product_brand":[],"product_cat":[646,264],"product_tag":[],"class_list":{"0":"post-51305","1":"product","2":"type-product","3":"status-publish","4":"has-post-thumbnail","6":"product_cat-taskut","7":"product_cat-taskut-laukut-vyot","9":"first","10":"onbackorder","11":"product-type-simple"},"acf":[],"_links":{"self":[{"href":"https:\/\/kingarms.ee\/fi\/wp-json\/wp\/v2\/product\/51305","targetHints":{"allow":["GET"]}}],"collection":[{"href":"https:\/\/kingarms.ee\/fi\/wp-json\/wp\/v2\/product"}],"about":[{"href":"https:\/\/kingarms.ee\/fi\/wp-json\/wp\/v2\/types\/product"}],"wp:featuredmedia":[{"embeddable":true,"href":"https:\/\/kingarms.ee\/fi\/wp-json\/wp\/v2\/media\/50809"}],"wp:attachment":[{"href":"https:\/\/kingarms.ee\/fi\/wp-json\/wp\/v2\/media?parent=51305"}],"wp:term":[{"taxonomy":"product_brand","embeddable":true,"href":"https:\/\/kingarms.ee\/fi\/wp-json\/wp\/v2\/product_brand?post=51305"},{"taxonomy":"product_cat","embeddable":true,"href":"https:\/\/kingarms.ee\/fi\/wp-json\/wp\/v2\/product_cat?post=51305"},{"taxonomy":"product_tag","embeddable":true,"href":"https:\/\/kingarms.ee\/fi\/wp-json\/wp\/v2\/product_tag?post=51305"}],"curies":[{"name":"wp","href":"https:\/\/api.w.org\/{rel}","templated":true}]}}