{"id":51321,"date":"2022-05-16T14:10:32","date_gmt":"2022-05-16T12:37:44","guid":{"rendered":"https:\/\/kingarms.ee\/product\/setti-open-iii-2-xs-1-m-pistooli-556-lipastaskut\/"},"modified":"2024-08-08T18:05:57","modified_gmt":"2024-08-08T15:05:57","slug":"setti-avoimia-iii-2-xs-1-m-pistooli-5-56-lehtipusseja-2","status":"publish","type":"product","link":"https:\/\/kingarms.ee\/fi\/product\/setti-avoimia-iii-2-xs-1-m-pistooli-5-56-lehtipusseja-2\/","title":{"rendered":"Setti Open III (2 XS + 1 M) pistooli + 5,56 lipastaskut"},"content":{"rendered":"","protected":false},"excerpt":{"rendered":"<p>Primal Gearin kest\u00e4v\u00e4st\u00e4 polymeerist\u00e4 valmistettu 2 nopean pussin sarja pistoolimakasille ja pussi AR-15-makasiinille tai vastaaville. Niiss\u00e4 ei ole l\u00e4ppi\u00e4, mik\u00e4 mahdollistaa nopean p\u00e4\u00e4syn makasiiniin pit\u00e4en samalla ne varmasti paikoillaan eiv\u00e4tk\u00e4 salli vahingossa putoamista, vaikka ne olisi asennettu yl\u00f6salaisin. T\u00e4t\u00e4 helpottaa pussin rakenne &#8211; se koostuu kahdesta puolikkaasta, jotka on kiinnitetty tiukasti yhteen silikonikumilla.<\/p>\n","protected":false},"featured_media":50793,"template":"","meta":{"_acf_changed":false},"product_brand":[],"product_cat":[264,899],"product_tag":[],"class_list":{"0":"post-51321","1":"product","2":"type-product","3":"status-publish","4":"has-post-thumbnail","6":"product_cat-taskut-laukut-vyot","7":"product_cat-sailytystaskut","9":"first","10":"instock","11":"purchasable","12":"product-type-simple"},"acf":[],"_links":{"self":[{"href":"https:\/\/kingarms.ee\/fi\/wp-json\/wp\/v2\/product\/51321","targetHints":{"allow":["GET"]}}],"collection":[{"href":"https:\/\/kingarms.ee\/fi\/wp-json\/wp\/v2\/product"}],"about":[{"href":"https:\/\/kingarms.ee\/fi\/wp-json\/wp\/v2\/types\/product"}],"wp:featuredmedia":[{"embeddable":true,"href":"https:\/\/kingarms.ee\/fi\/wp-json\/wp\/v2\/media\/50793"}],"wp:attachment":[{"href":"https:\/\/kingarms.ee\/fi\/wp-json\/wp\/v2\/media?parent=51321"}],"wp:term":[{"taxonomy":"product_brand","embeddable":true,"href":"https:\/\/kingarms.ee\/fi\/wp-json\/wp\/v2\/product_brand?post=51321"},{"taxonomy":"product_cat","embeddable":true,"href":"https:\/\/kingarms.ee\/fi\/wp-json\/wp\/v2\/product_cat?post=51321"},{"taxonomy":"product_tag","embeddable":true,"href":"https:\/\/kingarms.ee\/fi\/wp-json\/wp\/v2\/product_tag?post=51321"}],"curies":[{"name":"wp","href":"https:\/\/api.w.org\/{rel}","templated":true}]}}