{"id":51383,"date":"2022-05-16T14:10:44","date_gmt":"2022-05-16T12:40:28","guid":{"rendered":"https:\/\/kingarms.ee\/product\/termoaktiivinen-kommandopipo-terasnaamiolla\/"},"modified":"2024-08-08T17:56:50","modified_gmt":"2024-08-08T14:56:50","slug":"termoaktiivinen-balaclava-terasnaamio-3","status":"publish","type":"product","link":"https:\/\/kingarms.ee\/fi\/product\/termoaktiivinen-balaclava-terasnaamio-3\/","title":{"rendered":"Termoaktiivinen kommandopipo ter\u00e4snaamiolla"},"content":{"rendered":"","protected":false},"excerpt":{"rendered":"<p>T\u00e4ysi, termoaktiivisesta materiaalista valmistettu kommandopipo on varustettu ter\u00e4ksisell\u00e4 verkkonaamiolla, joka sijaitsee kommandopipojen kasvoosassa. Sopivan materiaalin k\u00e4ytt\u00f6 parantaa l\u00e4mm\u00f6n ja hien siirtymist\u00e4 ja peitt\u00e4\u00e4 koko p\u00e4\u00e4n.<\/p>\n","protected":false},"featured_media":50537,"template":"","meta":{"_acf_changed":false},"product_brand":[],"product_cat":[641],"product_tag":[],"class_list":{"0":"post-51383","1":"product","2":"type-product","3":"status-publish","4":"has-post-thumbnail","6":"product_cat-ilman-kyparaa","8":"first","9":"instock","10":"purchasable","11":"product-type-simple"},"acf":[],"_links":{"self":[{"href":"https:\/\/kingarms.ee\/fi\/wp-json\/wp\/v2\/product\/51383","targetHints":{"allow":["GET"]}}],"collection":[{"href":"https:\/\/kingarms.ee\/fi\/wp-json\/wp\/v2\/product"}],"about":[{"href":"https:\/\/kingarms.ee\/fi\/wp-json\/wp\/v2\/types\/product"}],"wp:featuredmedia":[{"embeddable":true,"href":"https:\/\/kingarms.ee\/fi\/wp-json\/wp\/v2\/media\/50537"}],"wp:attachment":[{"href":"https:\/\/kingarms.ee\/fi\/wp-json\/wp\/v2\/media?parent=51383"}],"wp:term":[{"taxonomy":"product_brand","embeddable":true,"href":"https:\/\/kingarms.ee\/fi\/wp-json\/wp\/v2\/product_brand?post=51383"},{"taxonomy":"product_cat","embeddable":true,"href":"https:\/\/kingarms.ee\/fi\/wp-json\/wp\/v2\/product_cat?post=51383"},{"taxonomy":"product_tag","embeddable":true,"href":"https:\/\/kingarms.ee\/fi\/wp-json\/wp\/v2\/product_tag?post=51383"}],"curies":[{"name":"wp","href":"https:\/\/api.w.org\/{rel}","templated":true}]}}