{"id":51597,"date":"2022-05-16T16:37:48","date_gmt":"2022-05-16T14:14:59","guid":{"rendered":"https:\/\/kingarms.ee\/product\/jg376-kiikarikivaarin-kopio\/"},"modified":"2024-08-08T17:21:15","modified_gmt":"2024-08-08T14:21:15","slug":"jg376-sniper-rifle-kopio","status":"publish","type":"product","link":"https:\/\/kingarms.ee\/fi\/product\/jg376-sniper-rifle-kopio\/","title":{"rendered":"JG376 kiikarikiv\u00e4\u00e4rin kopio"},"content":{"rendered":"","protected":false},"excerpt":{"rendered":"<p>JG376 kiikarikiv\u00e4\u00e4rin kopio<\/p>\n<p>JG-yhti\u00f6n kiikarikiv\u00e4\u00e4rin kopio on valmistettu metallista ja muovista. Koko runko on valmistettu muovista, kun taas piippu, pultin pidike, laukaisumekanismi, virityskahva ja yl\u00e4runko on valmistettu alumiinista. Replika on varustettu ylh\u00e4\u00e4ll\u00e4 olevalla RIS-kiskolla, joka mahdollistaa optisten t\u00e4ht\u00e4yslaitteiden kiinnitt\u00e4misen.<br \/>\nValmistettu: muovista ja alumiinista<br \/>\nPaino: 1940g<br \/>\nKuononopeus: ~400 FPS<br \/>\nPituus: 1120mm<br \/>\nSetti sis\u00e4lt\u00e4\u00e4:<br \/>\nkopio<br \/>\naikakauslehti<br \/>\nBB-pellettien pikakuormaaja<br \/>\nperusty\u00f6kalusarja<\/p>\n","protected":false},"featured_media":51569,"template":"","meta":{"_acf_changed":false},"product_brand":[],"product_cat":[670],"product_tag":[],"class_list":{"0":"post-51597","1":"product","2":"type-product","3":"status-publish","4":"has-post-thumbnail","6":"product_cat-snaiperrelvad-fi","8":"first","9":"onbackorder","10":"sale","11":"product-type-simple"},"acf":[],"_links":{"self":[{"href":"https:\/\/kingarms.ee\/fi\/wp-json\/wp\/v2\/product\/51597","targetHints":{"allow":["GET"]}}],"collection":[{"href":"https:\/\/kingarms.ee\/fi\/wp-json\/wp\/v2\/product"}],"about":[{"href":"https:\/\/kingarms.ee\/fi\/wp-json\/wp\/v2\/types\/product"}],"wp:featuredmedia":[{"embeddable":true,"href":"https:\/\/kingarms.ee\/fi\/wp-json\/wp\/v2\/media\/51569"}],"wp:attachment":[{"href":"https:\/\/kingarms.ee\/fi\/wp-json\/wp\/v2\/media?parent=51597"}],"wp:term":[{"taxonomy":"product_brand","embeddable":true,"href":"https:\/\/kingarms.ee\/fi\/wp-json\/wp\/v2\/product_brand?post=51597"},{"taxonomy":"product_cat","embeddable":true,"href":"https:\/\/kingarms.ee\/fi\/wp-json\/wp\/v2\/product_cat?post=51597"},{"taxonomy":"product_tag","embeddable":true,"href":"https:\/\/kingarms.ee\/fi\/wp-json\/wp\/v2\/product_tag?post=51597"}],"curies":[{"name":"wp","href":"https:\/\/api.w.org\/{rel}","templated":true}]}}