{"id":51604,"date":"2022-05-16T16:37:48","date_gmt":"2022-05-16T14:15:00","guid":{"rendered":"https:\/\/kingarms.ee\/product\/sw-04j-armeijan-niper-kivaarin-kopio\/"},"modified":"2024-08-08T17:21:57","modified_gmt":"2024-08-08T14:21:57","slug":"sw-04j-army-niper-rifle-replica","status":"publish","type":"product","link":"https:\/\/kingarms.ee\/fi\/product\/sw-04j-army-niper-rifle-replica\/","title":{"rendered":"SW-04J armeijan niper-kiv\u00e4\u00e4rin kopio"},"content":{"rendered":"","protected":false},"excerpt":{"rendered":"<p>SW-04J armeijan niper-kiv\u00e4\u00e4rin kopio<\/p>\n<p>Propulsio \/ Powered by Jousi powered<br \/>\nPalotyyppi: Yksitt\u00e4inen<br \/>\nValmistettu muovista + metallista<br \/>\nPituus[mm] 1100<br \/>\nPiipun sis\u00e4pituus[mm] 515<br \/>\nPaino [g] 3200<br \/>\nLehden kapasiteetti[pcs] 25<br \/>\nHop-Up: Kyll\u00e4<br \/>\nBlow Back: Ei<br \/>\nNopeus[FPS] ~350<\/p>\n","protected":false},"featured_media":51541,"template":"","meta":{"_acf_changed":false},"product_brand":[],"product_cat":[670],"product_tag":[],"class_list":{"0":"post-51604","1":"product","2":"type-product","3":"status-publish","4":"has-post-thumbnail","6":"product_cat-snaiperrelvad-fi","8":"first","9":"instock","10":"purchasable","11":"product-type-simple"},"acf":[],"_links":{"self":[{"href":"https:\/\/kingarms.ee\/fi\/wp-json\/wp\/v2\/product\/51604","targetHints":{"allow":["GET"]}}],"collection":[{"href":"https:\/\/kingarms.ee\/fi\/wp-json\/wp\/v2\/product"}],"about":[{"href":"https:\/\/kingarms.ee\/fi\/wp-json\/wp\/v2\/types\/product"}],"wp:featuredmedia":[{"embeddable":true,"href":"https:\/\/kingarms.ee\/fi\/wp-json\/wp\/v2\/media\/51541"}],"wp:attachment":[{"href":"https:\/\/kingarms.ee\/fi\/wp-json\/wp\/v2\/media?parent=51604"}],"wp:term":[{"taxonomy":"product_brand","embeddable":true,"href":"https:\/\/kingarms.ee\/fi\/wp-json\/wp\/v2\/product_brand?post=51604"},{"taxonomy":"product_cat","embeddable":true,"href":"https:\/\/kingarms.ee\/fi\/wp-json\/wp\/v2\/product_cat?post=51604"},{"taxonomy":"product_tag","embeddable":true,"href":"https:\/\/kingarms.ee\/fi\/wp-json\/wp\/v2\/product_tag?post=51604"}],"curies":[{"name":"wp","href":"https:\/\/api.w.org\/{rel}","templated":true}]}}