{"id":51608,"date":"2022-05-16T16:37:48","date_gmt":"2022-05-16T14:15:00","guid":{"rendered":"https:\/\/kingarms.ee\/product\/acp601-pistoolikopio-caribe-muunnossarjalla\/"},"modified":"2024-08-08T17:22:39","modified_gmt":"2024-08-08T14:22:39","slug":"acp601-pistol-replica-with-caribe-conversion-kit","status":"publish","type":"product","link":"https:\/\/kingarms.ee\/fi\/product\/acp601-pistol-replica-with-caribe-conversion-kit\/","title":{"rendered":"ACP601-pistoolikopio Caribe-muunnossarjalla"},"content":{"rendered":"","protected":false},"excerpt":{"rendered":"<p>ACP601-pistoolikopio Caribe-muunnossarjalla<\/p>\n<p>Nopeus[FPS] ~380<br \/>\nPalotyyppi: Yksitt\u00e4inen<br \/>\nD\u0142ugo\u015b\u0107 repliki[mm] 500-560<br \/>\nPaino [g] 2030<br \/>\nLehden kapasiteetti[pcs] 23<br \/>\nHop-Up: Kyll\u00e4<br \/>\nBlow Back: Kyll\u00e4<br \/>\nValmistettu muovista + metallista<br \/>\nTynnyrin kierretyyppi Ei mit\u00e4\u00e4n<\/p>\n","protected":false},"featured_media":51581,"template":"","meta":{"_acf_changed":false},"product_brand":[],"product_cat":[252,251],"product_tag":[],"class_list":{"0":"post-51608","1":"product","2":"type-product","3":"status-publish","4":"has-post-thumbnail","6":"product_cat-kaasutoimiset-aseet","7":"product_cat-sahkoaseet","9":"first","10":"instock","11":"sale","12":"purchasable","13":"product-type-simple"},"acf":[],"_links":{"self":[{"href":"https:\/\/kingarms.ee\/fi\/wp-json\/wp\/v2\/product\/51608","targetHints":{"allow":["GET"]}}],"collection":[{"href":"https:\/\/kingarms.ee\/fi\/wp-json\/wp\/v2\/product"}],"about":[{"href":"https:\/\/kingarms.ee\/fi\/wp-json\/wp\/v2\/types\/product"}],"wp:featuredmedia":[{"embeddable":true,"href":"https:\/\/kingarms.ee\/fi\/wp-json\/wp\/v2\/media\/51581"}],"wp:attachment":[{"href":"https:\/\/kingarms.ee\/fi\/wp-json\/wp\/v2\/media?parent=51608"}],"wp:term":[{"taxonomy":"product_brand","embeddable":true,"href":"https:\/\/kingarms.ee\/fi\/wp-json\/wp\/v2\/product_brand?post=51608"},{"taxonomy":"product_cat","embeddable":true,"href":"https:\/\/kingarms.ee\/fi\/wp-json\/wp\/v2\/product_cat?post=51608"},{"taxonomy":"product_tag","embeddable":true,"href":"https:\/\/kingarms.ee\/fi\/wp-json\/wp\/v2\/product_tag?post=51608"}],"curies":[{"name":"wp","href":"https:\/\/api.w.org\/{rel}","templated":true}]}}