{"id":51634,"date":"2022-05-16T16:37:48","date_gmt":"2022-05-16T14:15:07","guid":{"rendered":"https:\/\/kingarms.ee\/product\/sw-04d-tarkkuuskivaarin-kopio\/"},"modified":"2024-08-08T17:26:56","modified_gmt":"2024-08-08T14:26:56","slug":"sw-04d-sniper-rifle-replica","status":"publish","type":"product","link":"https:\/\/kingarms.ee\/fi\/product\/sw-04d-sniper-rifle-replica\/","title":{"rendered":"SW-04D Tarkkuuskiv\u00e4\u00e4rin kopio"},"content":{"rendered":"","protected":false},"excerpt":{"rendered":"<p>SW-04D Tarkkuuskiv\u00e4\u00e4rin kopio<\/p>\n<p>Nopeus[FPS] ~500<br \/>\nPalotyyppi Yksitt\u00e4inen<br \/>\nPaino [g] 3200<br \/>\nAikakauslehtityyppi: Pienikantinen aikakauslehti<br \/>\nLehden kapasiteetti[pcs] 20<br \/>\nHop-Up: Kyll\u00e4<br \/>\nValmistettu muovista + metallista<br \/>\nPropulsio \/ Powered by Jousi powered<br \/>\nPiipun sis\u00e4pituus[mm] 520<br \/>\nPituus[mm] 1120-1170<\/p>\n","protected":false},"featured_media":51489,"template":"","meta":{"_acf_changed":false},"product_brand":[],"product_cat":[670],"product_tag":[],"class_list":{"0":"post-51634","1":"product","2":"type-product","3":"status-publish","4":"has-post-thumbnail","6":"product_cat-snaiperrelvad-fi","8":"first","9":"onbackorder","10":"product-type-simple"},"acf":[],"_links":{"self":[{"href":"https:\/\/kingarms.ee\/fi\/wp-json\/wp\/v2\/product\/51634","targetHints":{"allow":["GET"]}}],"collection":[{"href":"https:\/\/kingarms.ee\/fi\/wp-json\/wp\/v2\/product"}],"about":[{"href":"https:\/\/kingarms.ee\/fi\/wp-json\/wp\/v2\/types\/product"}],"wp:featuredmedia":[{"embeddable":true,"href":"https:\/\/kingarms.ee\/fi\/wp-json\/wp\/v2\/media\/51489"}],"wp:attachment":[{"href":"https:\/\/kingarms.ee\/fi\/wp-json\/wp\/v2\/media?parent=51634"}],"wp:term":[{"taxonomy":"product_brand","embeddable":true,"href":"https:\/\/kingarms.ee\/fi\/wp-json\/wp\/v2\/product_brand?post=51634"},{"taxonomy":"product_cat","embeddable":true,"href":"https:\/\/kingarms.ee\/fi\/wp-json\/wp\/v2\/product_cat?post=51634"},{"taxonomy":"product_tag","embeddable":true,"href":"https:\/\/kingarms.ee\/fi\/wp-json\/wp\/v2\/product_tag?post=51634"}],"curies":[{"name":"wp","href":"https:\/\/api.w.org\/{rel}","templated":true}]}}