{"id":51986,"date":"2022-05-17T23:10:00","date_gmt":"2022-05-17T21:26:14","guid":{"rendered":"https:\/\/kingarms.ee\/product\/amoeba-sahkokivyri-am-009\/"},"modified":"2024-08-08T17:13:24","modified_gmt":"2024-08-08T14:13:24","slug":"ameba-sahkokivaari-am-009","status":"publish","type":"product","link":"https:\/\/kingarms.ee\/fi\/product\/ameba-sahkokivaari-am-009\/","title":{"rendered":"AMOEBA S\u00c4HK\u00d6KIVYRI AM-009"},"content":{"rendered":"","protected":false},"excerpt":{"rendered":"<p>Amoeba s\u00e4hk\u00f6kivyri am-009<\/p>\n<p>Nylonikuituruuno<br \/>\nMetal efcs vaihteisto ja metalliset sis\u00e4vaihteet<br \/>\nAlumiinik\u00e4sin suoja 4 kiskolla<br \/>\nAlumiiniulkopiipu<br \/>\nNylonkikuitu sis\u00e4\u00e4nev\u00e4 tuki (kuusi askelta pidennett\u00e4v\u00e4)<br \/>\nLehden kapasiteetti 300 py\u00f6r\u00e4st\u00e4<br \/>\nS\u00e4\u00e4dett\u00e4v\u00e4 hop up<br \/>\nKorkea v\u00e4\u00e4nt\u00f6 moottori<br \/>\nTurvalukko, yksitt\u00e4inen lasku ja purkastus<br \/>\nElektroninen tuloohjelma j\u00e4rjestelm\u00e4 per\u00e4iseen ohjelmointiin (ei sis\u00e4ll\u00e4)<br \/>\nPaino 2600g<br \/>\nPituus 780mm \/ 840mm<br \/>\nPunainen flash hider, mukana mukana mustalla alumiinilla<br \/>\nAkku ja akkulaturi eiv\u00e4t sis\u00e4lty<\/p>\n","protected":false},"featured_media":51935,"template":"","meta":{"_acf_changed":false},"product_brand":[],"product_cat":[251],"product_tag":[527],"class_list":{"0":"post-51986","1":"product","2":"type-product","3":"status-publish","4":"has-post-thumbnail","6":"product_cat-sahkoaseet","7":"product_tag-4blss3ph-fi","9":"first","10":"instock","11":"sale","12":"purchasable","13":"product-type-simple"},"acf":[],"_links":{"self":[{"href":"https:\/\/kingarms.ee\/fi\/wp-json\/wp\/v2\/product\/51986","targetHints":{"allow":["GET"]}}],"collection":[{"href":"https:\/\/kingarms.ee\/fi\/wp-json\/wp\/v2\/product"}],"about":[{"href":"https:\/\/kingarms.ee\/fi\/wp-json\/wp\/v2\/types\/product"}],"wp:featuredmedia":[{"embeddable":true,"href":"https:\/\/kingarms.ee\/fi\/wp-json\/wp\/v2\/media\/51935"}],"wp:attachment":[{"href":"https:\/\/kingarms.ee\/fi\/wp-json\/wp\/v2\/media?parent=51986"}],"wp:term":[{"taxonomy":"product_brand","embeddable":true,"href":"https:\/\/kingarms.ee\/fi\/wp-json\/wp\/v2\/product_brand?post=51986"},{"taxonomy":"product_cat","embeddable":true,"href":"https:\/\/kingarms.ee\/fi\/wp-json\/wp\/v2\/product_cat?post=51986"},{"taxonomy":"product_tag","embeddable":true,"href":"https:\/\/kingarms.ee\/fi\/wp-json\/wp\/v2\/product_tag?post=51986"}],"curies":[{"name":"wp","href":"https:\/\/api.w.org\/{rel}","templated":true}]}}