{"id":51999,"date":"2022-05-17T23:10:00","date_gmt":"2022-05-17T21:26:19","guid":{"rendered":"https:\/\/kingarms.ee\/product\/amoeba-sahkokivyri-am-014\/"},"modified":"2024-08-08T17:16:17","modified_gmt":"2024-08-08T14:16:17","slug":"ameba-sahkokivaari-am-014","status":"publish","type":"product","link":"https:\/\/kingarms.ee\/fi\/product\/ameba-sahkokivaari-am-014\/","title":{"rendered":"AMOEBA S\u00c4HK\u00d6KIVYRI AM-014"},"content":{"rendered":"","protected":false},"excerpt":{"rendered":"<p>Nylonkikuitu yl\u00e4- ja alavastaanotto<br \/>\nAlumiinik\u00e4siv\u00e4 ja tyypu<br \/>\nMetallinen vaihteisto ja sis\u00e4vaihteet<br \/>\nLaajennettava nylonkikuituj\u00e4rjestelm\u00e4<br \/>\n300 rounds -lehti<br \/>\nTurvallinen, yksi veto ja t\u00e4ysautominen<br \/>\nFire mode voidaan mukauttaa ulkoisella elektronisella ohjelmointilla (ei sis\u00e4ltyy) ohjelma esterno (ei sis\u00e4ltyy)<br \/>\nS\u00e4\u00e4dett\u00e4v\u00e4 hop up<br \/>\nKorkea v\u00e4\u00e4nt\u00f6 moottori<br \/>\nPituus 680\/790mm<br \/>\nPaino 2400g<\/p>\n","protected":false},"featured_media":51729,"template":"","meta":{"_acf_changed":false},"product_brand":[],"product_cat":[251],"product_tag":[527],"class_list":{"0":"post-51999","1":"product","2":"type-product","3":"status-publish","4":"has-post-thumbnail","6":"product_cat-sahkoaseet","7":"product_tag-4blss3ph-fi","9":"first","10":"onbackorder","11":"product-type-simple"},"acf":[],"_links":{"self":[{"href":"https:\/\/kingarms.ee\/fi\/wp-json\/wp\/v2\/product\/51999","targetHints":{"allow":["GET"]}}],"collection":[{"href":"https:\/\/kingarms.ee\/fi\/wp-json\/wp\/v2\/product"}],"about":[{"href":"https:\/\/kingarms.ee\/fi\/wp-json\/wp\/v2\/types\/product"}],"wp:featuredmedia":[{"embeddable":true,"href":"https:\/\/kingarms.ee\/fi\/wp-json\/wp\/v2\/media\/51729"}],"wp:attachment":[{"href":"https:\/\/kingarms.ee\/fi\/wp-json\/wp\/v2\/media?parent=51999"}],"wp:term":[{"taxonomy":"product_brand","embeddable":true,"href":"https:\/\/kingarms.ee\/fi\/wp-json\/wp\/v2\/product_brand?post=51999"},{"taxonomy":"product_cat","embeddable":true,"href":"https:\/\/kingarms.ee\/fi\/wp-json\/wp\/v2\/product_cat?post=51999"},{"taxonomy":"product_tag","embeddable":true,"href":"https:\/\/kingarms.ee\/fi\/wp-json\/wp\/v2\/product_tag?post=51999"}],"curies":[{"name":"wp","href":"https:\/\/api.w.org\/{rel}","templated":true}]}}