{"id":52002,"date":"2022-05-17T23:10:00","date_gmt":"2022-05-17T21:26:19","guid":{"rendered":"https:\/\/kingarms.ee\/product\/amoeba-sahkokivyri-am-016-musta\/"},"modified":"2024-08-08T17:17:00","modified_gmt":"2024-08-08T14:17:00","slug":"ameba-sahkokivaari-am-016-musta","status":"publish","type":"product","link":"https:\/\/kingarms.ee\/fi\/product\/ameba-sahkokivaari-am-016-musta\/","title":{"rendered":"AMOEBA S\u00c4HK\u00d6KIVYRI AM-016 MUSTA"},"content":{"rendered":"","protected":false},"excerpt":{"rendered":"<p>Amoeba s\u00e4hk\u00f6kivyri am-016 musta<\/p>\n<p>Vahvistettu nylonkikuitualan vastaanotin<br \/>\nCnc alumiini octarms keymod 13,5 tuuma k\u00e4sinsuojat<br \/>\nMetal efcs vaihteisto ja metalliset sis\u00e4vaihteet<br \/>\nKompakti sis\u00e4\u00e4neettava amoeba rcs<br \/>\nPistol grip amoeba pro<br \/>\nK\u00e4\u00e4nnett\u00e4v\u00e4t n\u00e4ht\u00e4v\u00e4t<br \/>\nS\u00e4\u00e4dett\u00e4v\u00e4 hop up<br \/>\nKorkea v\u00e4\u00e4nt\u00f6 moottori<br \/>\nHi-cap magazine 300 kierrosta<br \/>\nTurvalukko, yksitt\u00e4inen lasku ja purkastus<br \/>\nFire mode voidaan mukauttaa elektroniselle vaihteistoohjelmointilla (ei sis\u00e4ll\u00e4)<br \/>\nPituus 720-820 mm<br \/>\nPaino 2440g<\/p>\n","protected":false},"featured_media":51919,"template":"","meta":{"_acf_changed":false},"product_brand":[],"product_cat":[251],"product_tag":[527],"class_list":{"0":"post-52002","1":"product","2":"type-product","3":"status-publish","4":"has-post-thumbnail","6":"product_cat-sahkoaseet","7":"product_tag-4blss3ph-fi","9":"first","10":"instock","11":"sale","12":"purchasable","13":"product-type-simple"},"acf":[],"_links":{"self":[{"href":"https:\/\/kingarms.ee\/fi\/wp-json\/wp\/v2\/product\/52002","targetHints":{"allow":["GET"]}}],"collection":[{"href":"https:\/\/kingarms.ee\/fi\/wp-json\/wp\/v2\/product"}],"about":[{"href":"https:\/\/kingarms.ee\/fi\/wp-json\/wp\/v2\/types\/product"}],"wp:featuredmedia":[{"embeddable":true,"href":"https:\/\/kingarms.ee\/fi\/wp-json\/wp\/v2\/media\/51919"}],"wp:attachment":[{"href":"https:\/\/kingarms.ee\/fi\/wp-json\/wp\/v2\/media?parent=52002"}],"wp:term":[{"taxonomy":"product_brand","embeddable":true,"href":"https:\/\/kingarms.ee\/fi\/wp-json\/wp\/v2\/product_brand?post=52002"},{"taxonomy":"product_cat","embeddable":true,"href":"https:\/\/kingarms.ee\/fi\/wp-json\/wp\/v2\/product_cat?post=52002"},{"taxonomy":"product_tag","embeddable":true,"href":"https:\/\/kingarms.ee\/fi\/wp-json\/wp\/v2\/product_tag?post=52002"}],"curies":[{"name":"wp","href":"https:\/\/api.w.org\/{rel}","templated":true}]}}