{"id":52012,"date":"2022-05-17T23:10:00","date_gmt":"2022-05-17T21:26:21","guid":{"rendered":"https:\/\/kingarms.ee\/product\/caa-micro-roni-kit-carbine-conversion-kit\/"},"modified":"2024-08-08T17:18:25","modified_gmt":"2024-08-08T14:18:25","slug":"caa-micro-roni-kit-carbine-conversion-kit-2","status":"publish","type":"product","link":"https:\/\/kingarms.ee\/fi\/product\/caa-micro-roni-kit-carbine-conversion-kit-2\/","title":{"rendered":"CAA MICRO RONI KIT CARBINE CONVERSION KIT"},"content":{"rendered":"","protected":false},"excerpt":{"rendered":"<p>Pistoli-karbiiinin muuntosarjan glock 17\/19\/22 sarja<br \/>\nEi tarvita pistoolia<br \/>\nSuora p\u00e4\u00e4sy pistolin luukkuvapauttamiseen<br \/>\nValmistettu polymerista<br \/>\nTaittuvat varusteet<br \/>\nStandardi 20mm yl\u00e4- ja sivukaitet<br \/>\nIrroitettavat peukalustukset<br \/>\nEtulehteen lis\u00e4varusteet<br \/>\nAmbidextrous latauskahva ja liipaisinsuojan turvallisuus<br \/>\nQd-kiinnike 1-pist\u00e4lle<br \/>\nValinnainen caa taktinen valo salaman piilokuvan alalla ei sis\u00e4lty<br \/>\nValinnaiset k\u00e4\u00e4nnett\u00e4v\u00e4t t\u00e4h\u00e4kset eiv\u00e4t myyd\u00e4 erityisesti (cad-sis-01-bk)<br \/>\nPituus 360mm &#8211; 580mm<br \/>\nPaino 890g<\/p>\n","protected":false},"featured_media":51681,"template":"","meta":{"_acf_changed":false},"product_brand":[],"product_cat":[252,251],"product_tag":[],"class_list":{"0":"post-52012","1":"product","2":"type-product","3":"status-publish","4":"has-post-thumbnail","6":"product_cat-kaasutoimiset-aseet","7":"product_cat-sahkoaseet","9":"first","10":"onbackorder","11":"product-type-simple"},"acf":[],"_links":{"self":[{"href":"https:\/\/kingarms.ee\/fi\/wp-json\/wp\/v2\/product\/52012","targetHints":{"allow":["GET"]}}],"collection":[{"href":"https:\/\/kingarms.ee\/fi\/wp-json\/wp\/v2\/product"}],"about":[{"href":"https:\/\/kingarms.ee\/fi\/wp-json\/wp\/v2\/types\/product"}],"wp:featuredmedia":[{"embeddable":true,"href":"https:\/\/kingarms.ee\/fi\/wp-json\/wp\/v2\/media\/51681"}],"wp:attachment":[{"href":"https:\/\/kingarms.ee\/fi\/wp-json\/wp\/v2\/media?parent=52012"}],"wp:term":[{"taxonomy":"product_brand","embeddable":true,"href":"https:\/\/kingarms.ee\/fi\/wp-json\/wp\/v2\/product_brand?post=52012"},{"taxonomy":"product_cat","embeddable":true,"href":"https:\/\/kingarms.ee\/fi\/wp-json\/wp\/v2\/product_cat?post=52012"},{"taxonomy":"product_tag","embeddable":true,"href":"https:\/\/kingarms.ee\/fi\/wp-json\/wp\/v2\/product_tag?post=52012"}],"curies":[{"name":"wp","href":"https:\/\/api.w.org\/{rel}","templated":true}]}}