{"id":52607,"date":"2022-05-19T03:11:36","date_gmt":"2022-05-19T00:34:17","guid":{"rendered":"https:\/\/kingarms.ee\/product\/metal-qd-sling-swivel-musta\/"},"modified":"2024-08-08T17:03:07","modified_gmt":"2024-08-08T14:03:07","slug":"metalli-qd-sling-swivel-musta","status":"publish","type":"product","link":"https:\/\/kingarms.ee\/fi\/product\/metalli-qd-sling-swivel-musta\/","title":{"rendered":"METAL QD SLING SWIVEL MUSTA"},"content":{"rendered":"","protected":false},"excerpt":{"rendered":"<p>Linjak\u00e4\u00e4nt\u00f6 pikairrottamisella<br \/>\nMetallirakennus<br \/>\nMitat 35mm x 41mm x 15mm<br \/>\nPaino 26g<\/p>\n","protected":false},"featured_media":52229,"template":"","meta":{"_acf_changed":false},"product_brand":[],"product_cat":[275,276],"product_tag":[],"class_list":{"0":"post-52607","1":"product","2":"type-product","3":"status-publish","4":"has-post-thumbnail","6":"product_cat-viritys","7":"product_cat-varaosat","9":"first","10":"instock","11":"purchasable","12":"product-type-simple"},"acf":[],"_links":{"self":[{"href":"https:\/\/kingarms.ee\/fi\/wp-json\/wp\/v2\/product\/52607","targetHints":{"allow":["GET"]}}],"collection":[{"href":"https:\/\/kingarms.ee\/fi\/wp-json\/wp\/v2\/product"}],"about":[{"href":"https:\/\/kingarms.ee\/fi\/wp-json\/wp\/v2\/types\/product"}],"wp:featuredmedia":[{"embeddable":true,"href":"https:\/\/kingarms.ee\/fi\/wp-json\/wp\/v2\/media\/52229"}],"wp:attachment":[{"href":"https:\/\/kingarms.ee\/fi\/wp-json\/wp\/v2\/media?parent=52607"}],"wp:term":[{"taxonomy":"product_brand","embeddable":true,"href":"https:\/\/kingarms.ee\/fi\/wp-json\/wp\/v2\/product_brand?post=52607"},{"taxonomy":"product_cat","embeddable":true,"href":"https:\/\/kingarms.ee\/fi\/wp-json\/wp\/v2\/product_cat?post=52607"},{"taxonomy":"product_tag","embeddable":true,"href":"https:\/\/kingarms.ee\/fi\/wp-json\/wp\/v2\/product_tag?post=52607"}],"curies":[{"name":"wp","href":"https:\/\/api.w.org\/{rel}","templated":true}]}}