{"id":52608,"date":"2022-05-19T03:11:36","date_gmt":"2022-05-19T00:34:17","guid":{"rendered":"https:\/\/kingarms.ee\/product\/amoeba-sniper-bolt-toimintakivaan-hylkayttaja\/"},"modified":"2024-08-08T17:03:57","modified_gmt":"2024-08-08T14:03:57","slug":"ameba-sniper-pultti-toiminta-kivaari-isku-2","status":"publish","type":"product","link":"https:\/\/kingarms.ee\/fi\/product\/ameba-sniper-pultti-toiminta-kivaari-isku-2\/","title":{"rendered":"AMOEBA SNIPER BOLT TOIMINTAKIV\u00c4\u00c4N HYLK\u00c4YTT\u00c4J\u00c4"},"content":{"rendered":"","protected":false},"excerpt":{"rendered":"<p>Jousivoitteet<br \/>\nUusi gen 2 yl\u00e4vastaanotin<br \/>\nMatalakirjainen 45 py\u00f6r\u00e4st\u00e4 lehti<br \/>\nT\u00e4yspitk\u00e4 standardi 20 mm yl\u00e4kaiko<br \/>\nS\u00e4\u00e4dett\u00e4v\u00e4 liipaisin<br \/>\nTaktinen tuki s\u00e4\u00e4dett\u00e4v\u00e4ll\u00e4 poskikappalella ja takapuolelle<br \/>\nVara magwell<br \/>\nS\u00e4\u00e4dett\u00e4v\u00e4 hop up<br \/>\nYhteensopiva as-sarjan osien kanssa<br \/>\nPituus 1070mm<br \/>\nPaino 3000g<\/p>\n","protected":false},"featured_media":52193,"template":"","meta":{"_acf_changed":false},"product_brand":[],"product_cat":[670],"product_tag":[],"class_list":{"0":"post-52608","1":"product","2":"type-product","3":"status-publish","4":"has-post-thumbnail","6":"product_cat-snaiperrelvad-fi","8":"first","9":"onbackorder","10":"product-type-simple"},"acf":[],"_links":{"self":[{"href":"https:\/\/kingarms.ee\/fi\/wp-json\/wp\/v2\/product\/52608","targetHints":{"allow":["GET"]}}],"collection":[{"href":"https:\/\/kingarms.ee\/fi\/wp-json\/wp\/v2\/product"}],"about":[{"href":"https:\/\/kingarms.ee\/fi\/wp-json\/wp\/v2\/types\/product"}],"wp:featuredmedia":[{"embeddable":true,"href":"https:\/\/kingarms.ee\/fi\/wp-json\/wp\/v2\/media\/52193"}],"wp:attachment":[{"href":"https:\/\/kingarms.ee\/fi\/wp-json\/wp\/v2\/media?parent=52608"}],"wp:term":[{"taxonomy":"product_brand","embeddable":true,"href":"https:\/\/kingarms.ee\/fi\/wp-json\/wp\/v2\/product_brand?post=52608"},{"taxonomy":"product_cat","embeddable":true,"href":"https:\/\/kingarms.ee\/fi\/wp-json\/wp\/v2\/product_cat?post=52608"},{"taxonomy":"product_tag","embeddable":true,"href":"https:\/\/kingarms.ee\/fi\/wp-json\/wp\/v2\/product_tag?post=52608"}],"curies":[{"name":"wp","href":"https:\/\/api.w.org\/{rel}","templated":true}]}}