{"id":52615,"date":"2022-05-19T03:11:36","date_gmt":"2022-05-19T00:34:20","guid":{"rendered":"https:\/\/kingarms.ee\/product\/amoeba-sniper-rifle-striker-as-1\/"},"modified":"2024-08-08T17:06:06","modified_gmt":"2024-08-08T14:06:06","slug":"ameba-sniper-rifle-striker-as-1","status":"publish","type":"product","link":"https:\/\/kingarms.ee\/fi\/product\/ameba-sniper-rifle-striker-as-1\/","title":{"rendered":"AMOEBA SNIPER RIFLE STRIKER AS-1"},"content":{"rendered":"","protected":false},"excerpt":{"rendered":"<p>Pulttitoiminta<br \/>\n45 rounds -lehti<br \/>\nM-lok k\u00e4sinsuojat<br \/>\nNylonikuituruuno<br \/>\nMetallityipu, yl\u00e4kaiko, sarja ja vipu<br \/>\nValmis tulosiin<br \/>\nVarastossa olkaleukalla<br \/>\nS\u00e4\u00e4dett\u00e4v\u00e4 hop up<br \/>\nTurvalukko, single shot<br \/>\nLokero asennus- ja s\u00e4\u00e4t\u00f6avaimilla<br \/>\nPituus 860mm<br \/>\nPaino 2200g<\/p>\n","protected":false},"featured_media":52165,"template":"","meta":{"_acf_changed":false},"product_brand":[],"product_cat":[670],"product_tag":[],"class_list":{"0":"post-52615","1":"product","2":"type-product","3":"status-publish","4":"has-post-thumbnail","6":"product_cat-snaiperrelvad-fi","8":"first","9":"onbackorder","10":"product-type-simple"},"acf":[],"_links":{"self":[{"href":"https:\/\/kingarms.ee\/fi\/wp-json\/wp\/v2\/product\/52615","targetHints":{"allow":["GET"]}}],"collection":[{"href":"https:\/\/kingarms.ee\/fi\/wp-json\/wp\/v2\/product"}],"about":[{"href":"https:\/\/kingarms.ee\/fi\/wp-json\/wp\/v2\/types\/product"}],"wp:featuredmedia":[{"embeddable":true,"href":"https:\/\/kingarms.ee\/fi\/wp-json\/wp\/v2\/media\/52165"}],"wp:attachment":[{"href":"https:\/\/kingarms.ee\/fi\/wp-json\/wp\/v2\/media?parent=52615"}],"wp:term":[{"taxonomy":"product_brand","embeddable":true,"href":"https:\/\/kingarms.ee\/fi\/wp-json\/wp\/v2\/product_brand?post=52615"},{"taxonomy":"product_cat","embeddable":true,"href":"https:\/\/kingarms.ee\/fi\/wp-json\/wp\/v2\/product_cat?post=52615"},{"taxonomy":"product_tag","embeddable":true,"href":"https:\/\/kingarms.ee\/fi\/wp-json\/wp\/v2\/product_tag?post=52615"}],"curies":[{"name":"wp","href":"https:\/\/api.w.org\/{rel}","templated":true}]}}