{"id":52629,"date":"2022-05-19T03:11:47","date_gmt":"2022-05-19T00:34:23","guid":{"rendered":"https:\/\/kingarms.ee\/product\/well-sniper-bolt-toimintakivaari-bipodilla\/"},"modified":"2024-08-08T16:45:14","modified_gmt":"2024-08-08T13:45:14","slug":"hyvin-sniper-pultti-toiminta-kivaari-ja-kaksijalka","status":"publish","type":"product","link":"https:\/\/kingarms.ee\/fi\/product\/hyvin-sniper-pultti-toiminta-kivaari-ja-kaksijalka\/","title":{"rendered":"WELL SNIPER BOLT TOIMINTAKIV\u00c4\u00c4RI BIPODILLA"},"content":{"rendered":"","protected":false},"excerpt":{"rendered":"<p>Well sniper bolt toimintakiv\u00e4\u00e4ri bipodilla<\/p>\n<p>Sniper bolt toimintakiv\u00e4\u00e4ri mb4413<br \/>\nKaliberi 6m<br \/>\nLow-cap -lehti 25 kierrosta<br \/>\nSuojaa 20 mm soveltamisalaa<br \/>\nVarastossa takkilukkolla ja monopodilla<br \/>\nMetalli liipaisin<br \/>\nS\u00e4\u00e4dett\u00e4v\u00e4 hop up<br \/>\nMetallinen bipod mukana<\/p>\n","protected":false},"featured_media":52141,"template":"","meta":{"_acf_changed":false},"product_brand":[],"product_cat":[670],"product_tag":[],"class_list":{"0":"post-52629","1":"product","2":"type-product","3":"status-publish","4":"has-post-thumbnail","6":"product_cat-snaiperrelvad-fi","8":"first","9":"onbackorder","10":"sale","11":"product-type-simple"},"acf":[],"_links":{"self":[{"href":"https:\/\/kingarms.ee\/fi\/wp-json\/wp\/v2\/product\/52629","targetHints":{"allow":["GET"]}}],"collection":[{"href":"https:\/\/kingarms.ee\/fi\/wp-json\/wp\/v2\/product"}],"about":[{"href":"https:\/\/kingarms.ee\/fi\/wp-json\/wp\/v2\/types\/product"}],"wp:featuredmedia":[{"embeddable":true,"href":"https:\/\/kingarms.ee\/fi\/wp-json\/wp\/v2\/media\/52141"}],"wp:attachment":[{"href":"https:\/\/kingarms.ee\/fi\/wp-json\/wp\/v2\/media?parent=52629"}],"wp:term":[{"taxonomy":"product_brand","embeddable":true,"href":"https:\/\/kingarms.ee\/fi\/wp-json\/wp\/v2\/product_brand?post=52629"},{"taxonomy":"product_cat","embeddable":true,"href":"https:\/\/kingarms.ee\/fi\/wp-json\/wp\/v2\/product_cat?post=52629"},{"taxonomy":"product_tag","embeddable":true,"href":"https:\/\/kingarms.ee\/fi\/wp-json\/wp\/v2\/product_tag?post=52629"}],"curies":[{"name":"wp","href":"https:\/\/api.w.org\/{rel}","templated":true}]}}