{"id":52648,"date":"2022-05-19T03:11:47","date_gmt":"2022-05-19T00:34:29","guid":{"rendered":"https:\/\/kingarms.ee\/product\/gg-hi-cap-magazine-200-pyorasta-prk9lle\/"},"modified":"2024-08-08T16:50:57","modified_gmt":"2024-08-08T13:50:57","slug":"gg-hi-cap-magazine-200-rounds-for-prk9-2","status":"publish","type":"product","link":"https:\/\/kingarms.ee\/fi\/product\/gg-hi-cap-magazine-200-rounds-for-prk9-2\/","title":{"rendered":"G&amp;G HI-CAP MAGAZINE 200 PY\u00d6R\u00c4ST\u00c4 PRK9:lle"},"content":{"rendered":"","protected":false},"excerpt":{"rendered":"<p>G&amp;amp;g hi-cap magazine 200 py\u00f6r\u00e4st\u00e4 prk9:lle<\/p>\n<p>Polymer hi-cap -lehti<br \/>\n200 kierrosta<br \/>\nSoveltuu prk9 s\u00e4hk\u00f6kiveisiin<\/p>\n","protected":false},"featured_media":52089,"template":"","meta":{"_acf_changed":false},"product_brand":[],"product_cat":[247,657],"product_tag":[],"class_list":{"0":"post-52648","1":"product","2":"type-product","3":"status-publish","4":"has-post-thumbnail","6":"product_cat-tarjottimet-ja-taskut","7":"product_cat-airsoft-fi-3","9":"first","10":"instock","11":"purchasable","12":"product-type-simple"},"acf":[],"_links":{"self":[{"href":"https:\/\/kingarms.ee\/fi\/wp-json\/wp\/v2\/product\/52648","targetHints":{"allow":["GET"]}}],"collection":[{"href":"https:\/\/kingarms.ee\/fi\/wp-json\/wp\/v2\/product"}],"about":[{"href":"https:\/\/kingarms.ee\/fi\/wp-json\/wp\/v2\/types\/product"}],"wp:featuredmedia":[{"embeddable":true,"href":"https:\/\/kingarms.ee\/fi\/wp-json\/wp\/v2\/media\/52089"}],"wp:attachment":[{"href":"https:\/\/kingarms.ee\/fi\/wp-json\/wp\/v2\/media?parent=52648"}],"wp:term":[{"taxonomy":"product_brand","embeddable":true,"href":"https:\/\/kingarms.ee\/fi\/wp-json\/wp\/v2\/product_brand?post=52648"},{"taxonomy":"product_cat","embeddable":true,"href":"https:\/\/kingarms.ee\/fi\/wp-json\/wp\/v2\/product_cat?post=52648"},{"taxonomy":"product_tag","embeddable":true,"href":"https:\/\/kingarms.ee\/fi\/wp-json\/wp\/v2\/product_tag?post=52648"}],"curies":[{"name":"wp","href":"https:\/\/api.w.org\/{rel}","templated":true}]}}