{"id":52656,"date":"2022-05-19T03:11:47","date_gmt":"2022-05-19T00:34:31","guid":{"rendered":"https:\/\/kingarms.ee\/product\/yhdistetty-varsijousi-140fps-musta\/"},"modified":"2024-08-08T16:51:41","modified_gmt":"2024-08-08T13:51:41","slug":"yhdistelma-varsijousi-140-fps-musta","status":"publish","type":"product","link":"https:\/\/kingarms.ee\/fi\/product\/yhdistelma-varsijousi-140-fps-musta\/","title":{"rendered":"YHDISTETTY varsijousi 140FPS MUSTA"},"content":{"rendered":"","protected":false},"excerpt":{"rendered":"<p>Yhdistetty varsijousi 140fps musta<\/p>\n<p>Yhdistetty varsijousi<br \/>\nNopeus 140 fps<br \/>\nPower stroke: 9&#8243;<br \/>\nPolymeerirunko<br \/>\nMetallijousilauton rakenne ja pallit -lehti<br \/>\nS\u00e4\u00e4dett\u00e4v\u00e4 takak\u00e4ytt\u00f6<br \/>\nTurvallinen<br \/>\nMetallinen kantokahva<br \/>\nUpper lehti 26 pallolle<br \/>\nK\u00e4ytet\u00e4\u00e4n sek\u00e4 putteiden ja palojen kanssa<br \/>\nMitat 755mm x 565mm<br \/>\nPaino 2300g<\/p>\n","protected":false},"featured_media":52057,"template":"","meta":{"_acf_changed":false},"product_brand":[],"product_cat":[257,791],"product_tag":[],"class_list":{"0":"post-52656","1":"product","2":"type-product","3":"status-publish","4":"has-post-thumbnail","6":"product_cat-keula-ja-pitkajousi","7":"product_cat-varsijouset","9":"first","10":"instock","11":"purchasable","12":"product-type-simple"},"acf":[],"_links":{"self":[{"href":"https:\/\/kingarms.ee\/fi\/wp-json\/wp\/v2\/product\/52656","targetHints":{"allow":["GET"]}}],"collection":[{"href":"https:\/\/kingarms.ee\/fi\/wp-json\/wp\/v2\/product"}],"about":[{"href":"https:\/\/kingarms.ee\/fi\/wp-json\/wp\/v2\/types\/product"}],"wp:featuredmedia":[{"embeddable":true,"href":"https:\/\/kingarms.ee\/fi\/wp-json\/wp\/v2\/media\/52057"}],"wp:attachment":[{"href":"https:\/\/kingarms.ee\/fi\/wp-json\/wp\/v2\/media?parent=52656"}],"wp:term":[{"taxonomy":"product_brand","embeddable":true,"href":"https:\/\/kingarms.ee\/fi\/wp-json\/wp\/v2\/product_brand?post=52656"},{"taxonomy":"product_cat","embeddable":true,"href":"https:\/\/kingarms.ee\/fi\/wp-json\/wp\/v2\/product_cat?post=52656"},{"taxonomy":"product_tag","embeddable":true,"href":"https:\/\/kingarms.ee\/fi\/wp-json\/wp\/v2\/product_tag?post=52656"}],"curies":[{"name":"wp","href":"https:\/\/api.w.org\/{rel}","templated":true}]}}