{"id":52664,"date":"2022-05-19T03:11:47","date_gmt":"2022-05-19T00:34:33","guid":{"rendered":"https:\/\/kingarms.ee\/product\/yhdistetty-varsijousi-130-lbs-musta\/"},"modified":"2024-08-08T16:53:11","modified_gmt":"2024-08-08T13:53:11","slug":"yhdiste-varsijousi-130-lbs-musta","status":"publish","type":"product","link":"https:\/\/kingarms.ee\/fi\/product\/yhdiste-varsijousi-130-lbs-musta\/","title":{"rendered":"YHDISTETTY varsijousi 130 LBS MUSTA"},"content":{"rendered":"","protected":false},"excerpt":{"rendered":"<p>YHDISTETTY varsijousi 130 LBS MUSTA<\/p>\n<p>YHDISTETTY varsijousi<br \/>\nVETOPAINO 130 LBS<br \/>\nNOPEUS 340 FPS<br \/>\nPOWER STROKE 14,37&#8243;<br \/>\nLASIKUITU RAAJAT<br \/>\nALUMIINIPIIPU JA KOKEET<br \/>\nS\u00c4\u00c4DETT\u00c4V\u00c4 POLYMEERI KUVASSA<br \/>\nSTANDARDI 20mm YL\u00c4-, ALA- JA TAKA METALLIKAISO<br \/>\nK\u00c4\u00c4NTYV\u00c4 ETUKOHTA S\u00c4\u00c4DETT\u00c4V\u00c4 5 ASENTOON<br \/>\nLANGARISTIIKKO 4x ZOOMILLA, 32mm<br \/>\nOBJEKTIIVINEN LINSSII, S\u00c4\u00c4DETT\u00c4V\u00c4 TUULI JA KORKEUS<br \/>\nQUIVER JA 3 x 20&#8243; ALUMIINIPULTIT MUKANA<br \/>\nKUITUSK\u00d6YSI JA VAHA MUKANA<br \/>\nPITUUS 885mm &#8211; 960mm<br \/>\nPAINO 4050g (N\u00c4IN\u00c4)<\/p>\n","protected":false},"featured_media":52049,"template":"","meta":{"_acf_changed":false},"product_brand":[],"product_cat":[257,791],"product_tag":[],"class_list":{"0":"post-52664","1":"product","2":"type-product","3":"status-publish","4":"has-post-thumbnail","6":"product_cat-keula-ja-pitkajousi","7":"product_cat-varsijouset","9":"first","10":"instock","11":"purchasable","12":"product-type-simple"},"acf":[],"_links":{"self":[{"href":"https:\/\/kingarms.ee\/fi\/wp-json\/wp\/v2\/product\/52664","targetHints":{"allow":["GET"]}}],"collection":[{"href":"https:\/\/kingarms.ee\/fi\/wp-json\/wp\/v2\/product"}],"about":[{"href":"https:\/\/kingarms.ee\/fi\/wp-json\/wp\/v2\/types\/product"}],"wp:featuredmedia":[{"embeddable":true,"href":"https:\/\/kingarms.ee\/fi\/wp-json\/wp\/v2\/media\/52049"}],"wp:attachment":[{"href":"https:\/\/kingarms.ee\/fi\/wp-json\/wp\/v2\/media?parent=52664"}],"wp:term":[{"taxonomy":"product_brand","embeddable":true,"href":"https:\/\/kingarms.ee\/fi\/wp-json\/wp\/v2\/product_brand?post=52664"},{"taxonomy":"product_cat","embeddable":true,"href":"https:\/\/kingarms.ee\/fi\/wp-json\/wp\/v2\/product_cat?post=52664"},{"taxonomy":"product_tag","embeddable":true,"href":"https:\/\/kingarms.ee\/fi\/wp-json\/wp\/v2\/product_tag?post=52664"}],"curies":[{"name":"wp","href":"https:\/\/api.w.org\/{rel}","templated":true}]}}