{"id":53300,"date":"2022-05-30T12:30:33","date_gmt":"2022-05-30T10:04:38","guid":{"rendered":"https:\/\/kingarms.ee\/product\/rog-r902-sotilasmalli-saadettava-kiikari-army-armement\/"},"modified":"2024-08-08T16:29:12","modified_gmt":"2024-08-08T13:29:12","slug":"rog-r902-sotilas-malli-saadettava-scope-army-ase","status":"publish","type":"product","link":"https:\/\/kingarms.ee\/fi\/product\/rog-r902-sotilas-malli-saadettava-scope-army-ase\/","title":{"rendered":"ROG R902 Sotilasmalli S\u00e4\u00e4dett\u00e4v\u00e4 kiikari [Army armement]"},"content":{"rendered":"","protected":false},"excerpt":{"rendered":"<p>ROG R902 Sotilasmalli S\u00e4\u00e4dett\u00e4v\u00e4 kiikari [Army armement]<\/p>\n<p>Kaliiperi: 6 mm<br \/>\nPropulsio s\u00e4hk\u00f6<br \/>\nAseen paino (kg) 3.4<br \/>\nTeho (jouleina) 1.5<br \/>\nNopeus FPS (0,20 gr) 400<br \/>\nHop-up: s\u00e4\u00e4nnelty<br \/>\nMateriaalit ABS, alumiini, metalli<br \/>\nAseen pituus (mm) 805<br \/>\nSis\u00e4piipputyyppi: AEG<br \/>\nPiipun sis\u00e4pituus (mm) 510<br \/>\nKierre: 14mm CCW<br \/>\nBB:n kapasiteetti: 330<br \/>\nAkun liitin: Tamiya mini<br \/>\nMosfet: Ei<br \/>\nMoottorin akselin kirveskentt\u00e4<br \/>\nGerboxin tyyppi: Vaihteisto V3<\/p>\n","protected":false},"featured_media":53202,"template":"","meta":{"_acf_changed":false},"product_brand":[],"product_cat":[251],"product_tag":[],"class_list":{"0":"post-53300","1":"product","2":"type-product","3":"status-publish","4":"has-post-thumbnail","6":"product_cat-sahkoaseet","8":"first","9":"onbackorder","10":"sale","11":"taxable","12":"shipping-taxable","13":"product-type-simple"},"acf":[],"_links":{"self":[{"href":"https:\/\/kingarms.ee\/fi\/wp-json\/wp\/v2\/product\/53300","targetHints":{"allow":["GET"]}}],"collection":[{"href":"https:\/\/kingarms.ee\/fi\/wp-json\/wp\/v2\/product"}],"about":[{"href":"https:\/\/kingarms.ee\/fi\/wp-json\/wp\/v2\/types\/product"}],"wp:featuredmedia":[{"embeddable":true,"href":"https:\/\/kingarms.ee\/fi\/wp-json\/wp\/v2\/media\/53202"}],"wp:attachment":[{"href":"https:\/\/kingarms.ee\/fi\/wp-json\/wp\/v2\/media?parent=53300"}],"wp:term":[{"taxonomy":"product_brand","embeddable":true,"href":"https:\/\/kingarms.ee\/fi\/wp-json\/wp\/v2\/product_brand?post=53300"},{"taxonomy":"product_cat","embeddable":true,"href":"https:\/\/kingarms.ee\/fi\/wp-json\/wp\/v2\/product_cat?post=53300"},{"taxonomy":"product_tag","embeddable":true,"href":"https:\/\/kingarms.ee\/fi\/wp-json\/wp\/v2\/product_tag?post=53300"}],"curies":[{"name":"wp","href":"https:\/\/api.w.org\/{rel}","templated":true}]}}