{"id":53306,"date":"2022-05-30T12:36:54","date_gmt":"2022-05-30T10:04:41","guid":{"rendered":"https:\/\/kingarms.ee\/product\/rog-r907-aeg-musta-army-armament\/"},"modified":"2024-08-08T16:28:32","modified_gmt":"2024-08-08T13:28:32","slug":"rog-r907-aeg-black-army-armement","status":"publish","type":"product","link":"https:\/\/kingarms.ee\/fi\/product\/rog-r907-aeg-black-army-armement\/","title":{"rendered":"ROG R907 AEG musta [Army Armament]"},"content":{"rendered":"","protected":false},"excerpt":{"rendered":"<p>ROG R907 AEG musta [Army Armament]<\/p>\n<p>Kaliiperi: 6 mm<br \/>\nPropulsiokaasu<br \/>\nAseen paino (kg) 3,28<br \/>\nTeho (jouleina) 1.2<br \/>\nNopeus FPS (0,20g) 360<br \/>\nHop-up s\u00e4\u00e4dett\u00e4v\u00e4<br \/>\nMateriaalit: metalli, muovi<br \/>\nAseen pituus (mm) 725<br \/>\nSis\u00e4piippu tyyppi AEG<br \/>\nPiipun sis\u00e4reik\u00e4 (mm) 6.08<br \/>\nPiipun sis\u00e4pituus (mm) 410<br \/>\nKierre: 14mm CCW<br \/>\nBB:n kapasiteetti: 330<br \/>\nAkun liitin: Tamiya mini<br \/>\nMosfet No<br \/>\nKaapelityyppi: Takaosa<br \/>\nMoottorin akseli: Kirveskentt\u00e4<br \/>\nGerboxin tyyppi: Vaihteisto V3<\/p>\n","protected":false},"featured_media":53219,"template":"","meta":{"_acf_changed":false},"product_brand":[],"product_cat":[251],"product_tag":[],"class_list":{"0":"post-53306","1":"product","2":"type-product","3":"status-publish","4":"has-post-thumbnail","6":"product_cat-sahkoaseet","8":"first","9":"onbackorder","10":"sale","11":"taxable","12":"shipping-taxable","13":"product-type-simple"},"acf":[],"_links":{"self":[{"href":"https:\/\/kingarms.ee\/fi\/wp-json\/wp\/v2\/product\/53306","targetHints":{"allow":["GET"]}}],"collection":[{"href":"https:\/\/kingarms.ee\/fi\/wp-json\/wp\/v2\/product"}],"about":[{"href":"https:\/\/kingarms.ee\/fi\/wp-json\/wp\/v2\/types\/product"}],"wp:featuredmedia":[{"embeddable":true,"href":"https:\/\/kingarms.ee\/fi\/wp-json\/wp\/v2\/media\/53219"}],"wp:attachment":[{"href":"https:\/\/kingarms.ee\/fi\/wp-json\/wp\/v2\/media?parent=53306"}],"wp:term":[{"taxonomy":"product_brand","embeddable":true,"href":"https:\/\/kingarms.ee\/fi\/wp-json\/wp\/v2\/product_brand?post=53306"},{"taxonomy":"product_cat","embeddable":true,"href":"https:\/\/kingarms.ee\/fi\/wp-json\/wp\/v2\/product_cat?post=53306"},{"taxonomy":"product_tag","embeddable":true,"href":"https:\/\/kingarms.ee\/fi\/wp-json\/wp\/v2\/product_tag?post=53306"}],"curies":[{"name":"wp","href":"https:\/\/api.w.org\/{rel}","templated":true}]}}