{"id":53309,"date":"2022-05-30T12:51:43","date_gmt":"2022-05-30T10:04:43","guid":{"rendered":"https:\/\/kingarms.ee\/product\/rog-r901-taysmetallikisko-paalla-army-armament\/"},"modified":"2024-08-08T16:27:46","modified_gmt":"2024-08-08T13:27:46","slug":"rog-r901-taysmetalli-kisko-armeija-aseet","status":"publish","type":"product","link":"https:\/\/kingarms.ee\/fi\/product\/rog-r901-taysmetalli-kisko-armeija-aseet\/","title":{"rendered":"ROG R901 T\u00e4ysmetallikisko p\u00e4\u00e4ll\u00e4 [Army Armament]"},"content":{"rendered":"","protected":false},"excerpt":{"rendered":"<p>ROG R901 T\u00e4ysmetallikisko p\u00e4\u00e4ll\u00e4 [Army Armament]<\/p>\n<p>Kaliiperi 6mm<br \/>\nAseen paino (kg) 3,38<br \/>\nTeho (jouleina) 1.41<br \/>\nNopeus FPS:ss\u00e4 (0,20 gr) 390<br \/>\nHop-up s\u00e4\u00e4dett\u00e4v\u00e4<br \/>\nMateriaalit ABS, alumiini, metalli<br \/>\nAseen pituus (mm) 800<br \/>\nSis\u00e4piipputyyppi: AEG<br \/>\nPiipun sis\u00e4reik\u00e4 (mm) 6.08<br \/>\nPiipun sis\u00e4pituus (mm) 520<br \/>\nKierre: 14mm CCW<br \/>\nBB:n kapasiteetti: 330<br \/>\nAkun liitin: Tamiya mini<br \/>\nMosfet: Ei<br \/>\nMoottorin akseli: Kirveskentt\u00e4<br \/>\nGerboxin tyyppi: Vaihteisto V3<\/p>\n","protected":false},"featured_media":53269,"template":"","meta":{"_acf_changed":false},"product_brand":[],"product_cat":[251],"product_tag":[],"class_list":{"0":"post-53309","1":"product","2":"type-product","3":"status-publish","4":"has-post-thumbnail","6":"product_cat-sahkoaseet","8":"first","9":"instock","10":"sale","11":"taxable","12":"shipping-taxable","13":"purchasable","14":"product-type-simple"},"acf":[],"_links":{"self":[{"href":"https:\/\/kingarms.ee\/fi\/wp-json\/wp\/v2\/product\/53309","targetHints":{"allow":["GET"]}}],"collection":[{"href":"https:\/\/kingarms.ee\/fi\/wp-json\/wp\/v2\/product"}],"about":[{"href":"https:\/\/kingarms.ee\/fi\/wp-json\/wp\/v2\/types\/product"}],"wp:featuredmedia":[{"embeddable":true,"href":"https:\/\/kingarms.ee\/fi\/wp-json\/wp\/v2\/media\/53269"}],"wp:attachment":[{"href":"https:\/\/kingarms.ee\/fi\/wp-json\/wp\/v2\/media?parent=53309"}],"wp:term":[{"taxonomy":"product_brand","embeddable":true,"href":"https:\/\/kingarms.ee\/fi\/wp-json\/wp\/v2\/product_brand?post=53309"},{"taxonomy":"product_cat","embeddable":true,"href":"https:\/\/kingarms.ee\/fi\/wp-json\/wp\/v2\/product_cat?post=53309"},{"taxonomy":"product_tag","embeddable":true,"href":"https:\/\/kingarms.ee\/fi\/wp-json\/wp\/v2\/product_tag?post=53309"}],"curies":[{"name":"wp","href":"https:\/\/api.w.org\/{rel}","templated":true}]}}