{"id":53405,"date":"2022-05-30T17:45:12","date_gmt":"2022-05-30T14:56:03","guid":{"rendered":"https:\/\/kingarms.ee\/product\/sahkokivaa-m4-ares\/"},"modified":"2024-08-08T16:24:04","modified_gmt":"2024-08-08T13:24:04","slug":"sahkokivaari-m4-ares","status":"publish","type":"product","link":"https:\/\/kingarms.ee\/fi\/product\/sahkokivaari-m4-ares\/","title":{"rendered":"S\u00c4HK\u00d6KIV\u00c4\u00c4 M4 [ARES]"},"content":{"rendered":"","protected":false},"excerpt":{"rendered":"<p>S\u00e4hk\u00f6kiv\u00e4\u00e4 m4 [ares]<\/p>\n<p>Alumiinirunko<br \/>\nMetallinen vaihteisto<br \/>\nNylonikuituamoeba k\u00e4sinsuojat<br \/>\nS\u00e4\u00e4dett\u00e4v\u00e4 hop up<br \/>\nHi-cap magazine 300 kierrosta<br \/>\nK\u00e4\u00e4nt\u00e4 yl\u00f6s etuk\u00e4ytt\u00f6- ja takast\u00e4vy\u00f6t<br \/>\nAmoeba nylon fiber sis\u00e4\u00e4neettava tuki<br \/>\nTurvallisuus, puoli- ja t\u00e4ysautominen<br \/>\nPituus: 680-760 mm<br \/>\nPaino: 2520g<br \/>\nV\u00e4ri musta<\/p>\n","protected":false},"featured_media":53389,"template":"","meta":{"_acf_changed":false},"product_brand":[],"product_cat":[251],"product_tag":[],"class_list":{"0":"post-53405","1":"product","2":"type-product","3":"status-publish","4":"has-post-thumbnail","6":"product_cat-sahkoaseet","8":"first","9":"instock","10":"sale","11":"taxable","12":"shipping-taxable","13":"purchasable","14":"product-type-simple"},"acf":[],"_links":{"self":[{"href":"https:\/\/kingarms.ee\/fi\/wp-json\/wp\/v2\/product\/53405","targetHints":{"allow":["GET"]}}],"collection":[{"href":"https:\/\/kingarms.ee\/fi\/wp-json\/wp\/v2\/product"}],"about":[{"href":"https:\/\/kingarms.ee\/fi\/wp-json\/wp\/v2\/types\/product"}],"wp:featuredmedia":[{"embeddable":true,"href":"https:\/\/kingarms.ee\/fi\/wp-json\/wp\/v2\/media\/53389"}],"wp:attachment":[{"href":"https:\/\/kingarms.ee\/fi\/wp-json\/wp\/v2\/media?parent=53405"}],"wp:term":[{"taxonomy":"product_brand","embeddable":true,"href":"https:\/\/kingarms.ee\/fi\/wp-json\/wp\/v2\/product_brand?post=53405"},{"taxonomy":"product_cat","embeddable":true,"href":"https:\/\/kingarms.ee\/fi\/wp-json\/wp\/v2\/product_cat?post=53405"},{"taxonomy":"product_tag","embeddable":true,"href":"https:\/\/kingarms.ee\/fi\/wp-json\/wp\/v2\/product_tag?post=53405"}],"curies":[{"name":"wp","href":"https:\/\/api.w.org\/{rel}","templated":true}]}}