{"id":59208,"date":"2022-06-06T14:08:26","date_gmt":"2022-06-06T12:56:44","guid":{"rendered":"https:\/\/kingarms.ee\/product\/kumipaallyste-5xx-holosun\/"},"modified":"2024-08-08T15:58:40","modified_gmt":"2024-08-08T12:58:40","slug":"kumipaallysteinen-5xx-holosun","status":"publish","type":"product","link":"https:\/\/kingarms.ee\/fi\/product\/kumipaallysteinen-5xx-holosun\/","title":{"rendered":"Kumip\u00e4\u00e4llyste 5xx [Holosun]"},"content":{"rendered":"","protected":false},"excerpt":{"rendered":"<p>Kumip\u00e4\u00e4llyste 5xx [Holosun]<\/p>\n<p>suojakorkki &#8211; \u00d8 29 mm<\/p>\n","protected":false},"featured_media":58931,"template":"","meta":{"_acf_changed":false},"product_brand":[],"product_cat":[674],"product_tag":[],"class_list":{"0":"post-59208","1":"product","2":"type-product","3":"status-publish","4":"has-post-thumbnail","6":"product_cat-lupaukset","8":"first","9":"instock","10":"taxable","11":"shipping-taxable","12":"purchasable","13":"product-type-simple"},"acf":[],"_links":{"self":[{"href":"https:\/\/kingarms.ee\/fi\/wp-json\/wp\/v2\/product\/59208","targetHints":{"allow":["GET"]}}],"collection":[{"href":"https:\/\/kingarms.ee\/fi\/wp-json\/wp\/v2\/product"}],"about":[{"href":"https:\/\/kingarms.ee\/fi\/wp-json\/wp\/v2\/types\/product"}],"wp:featuredmedia":[{"embeddable":true,"href":"https:\/\/kingarms.ee\/fi\/wp-json\/wp\/v2\/media\/58931"}],"wp:attachment":[{"href":"https:\/\/kingarms.ee\/fi\/wp-json\/wp\/v2\/media?parent=59208"}],"wp:term":[{"taxonomy":"product_brand","embeddable":true,"href":"https:\/\/kingarms.ee\/fi\/wp-json\/wp\/v2\/product_brand?post=59208"},{"taxonomy":"product_cat","embeddable":true,"href":"https:\/\/kingarms.ee\/fi\/wp-json\/wp\/v2\/product_cat?post=59208"},{"taxonomy":"product_tag","embeddable":true,"href":"https:\/\/kingarms.ee\/fi\/wp-json\/wp\/v2\/product_tag?post=59208"}],"curies":[{"name":"wp","href":"https:\/\/api.w.org\/{rel}","templated":true}]}}