{"id":59216,"date":"2022-06-06T13:58:02","date_gmt":"2022-06-06T12:56:45","guid":{"rendered":"https:\/\/kingarms.ee\/product\/m600aa-mini-scout-asevalo-night-evolution\/"},"modified":"2024-08-08T16:00:51","modified_gmt":"2024-08-08T13:00:51","slug":"m600aa-mini-partio-asevalo","status":"publish","type":"product","link":"https:\/\/kingarms.ee\/fi\/product\/m600aa-mini-partio-asevalo\/","title":{"rendered":"M600AA Mini Scout -asevalo [Night Evolution]"},"content":{"rendered":"","protected":false},"excerpt":{"rendered":"<p>M600AA Mini Scout -asevalo [Night Evolution]<\/p>\n<p>M600AA-BK lis\u00e4\u00e4 ST07-kaukos\u00e4\u00e4dinkokoonpanon M600AA-DSS Scout Light -valaistukseen, mik\u00e4 lis\u00e4\u00e4 suorituskyky\u00e4, kykyj\u00e4 ja monipuolisuutta. Sen rekyylisuojattu, korkeatehoinen LED-valo on tarkennettu patentoidulla TIR-objektiivilla luomaan korkean intensiteetin 200 lumenin valokeilan, jolla on huomattava ulottuvuus ja reunavalaistus, joka on ihanteellinen l\u00e4hell\u00e4 ja keskipitk\u00e4n kantaman sovelluksiin. Mutta mik\u00e4 todella erottaa M600AA-BK:n muista, on joustavuus: se voi toimia joko AA-litium- tai AA-alkaliparistoilla \u2013 j\u00e4lkimm\u00e4inen on helpommin saatavilla maailmanlaajuisesti \u2013 vertaansa vailla olevalla k\u00e4ytt\u00f6ajalla.<\/p>\n","protected":false},"featured_media":58908,"template":"","meta":{"_acf_changed":false},"product_brand":[],"product_cat":[273],"product_tag":[],"class_list":{"0":"post-59216","1":"product","2":"type-product","3":"status-publish","4":"has-post-thumbnail","6":"product_cat-valaisimet","8":"first","9":"instock","10":"taxable","11":"shipping-taxable","12":"purchasable","13":"product-type-simple"},"acf":[],"_links":{"self":[{"href":"https:\/\/kingarms.ee\/fi\/wp-json\/wp\/v2\/product\/59216","targetHints":{"allow":["GET"]}}],"collection":[{"href":"https:\/\/kingarms.ee\/fi\/wp-json\/wp\/v2\/product"}],"about":[{"href":"https:\/\/kingarms.ee\/fi\/wp-json\/wp\/v2\/types\/product"}],"wp:featuredmedia":[{"embeddable":true,"href":"https:\/\/kingarms.ee\/fi\/wp-json\/wp\/v2\/media\/58908"}],"wp:attachment":[{"href":"https:\/\/kingarms.ee\/fi\/wp-json\/wp\/v2\/media?parent=59216"}],"wp:term":[{"taxonomy":"product_brand","embeddable":true,"href":"https:\/\/kingarms.ee\/fi\/wp-json\/wp\/v2\/product_brand?post=59216"},{"taxonomy":"product_cat","embeddable":true,"href":"https:\/\/kingarms.ee\/fi\/wp-json\/wp\/v2\/product_cat?post=59216"},{"taxonomy":"product_tag","embeddable":true,"href":"https:\/\/kingarms.ee\/fi\/wp-json\/wp\/v2\/product_tag?post=59216"}],"curies":[{"name":"wp","href":"https:\/\/api.w.org\/{rel}","templated":true}]}}