{"id":59222,"date":"2022-06-06T14:49:12","date_gmt":"2022-06-06T12:56:45","guid":{"rendered":"https:\/\/kingarms.ee\/product\/m600b-mini-scout-asevalo-night-evolution\/"},"modified":"2024-08-08T15:53:36","modified_gmt":"2024-08-08T12:53:36","slug":"m600b-mini-partio-asevalo","status":"publish","type":"product","link":"https:\/\/kingarms.ee\/fi\/product\/m600b-mini-partio-asevalo\/","title":{"rendered":"M600B Mini Scout -asevalo [Night Evolution]"},"content":{"rendered":"","protected":false},"excerpt":{"rendered":"<p>Scout -asevalo<\/p>\n<p>Night Evolution M600B Scoutlight k\u00e4ytt\u00e4\u00e4 CREE Q5 LEDi\u00e4, joka tuottaa 200 lumenia sokaisevaa valkoista valoa ja jatkaa tasaisen valon tuottamista yli noin 60 minuuttia.<\/p>\n<p>Siin\u00e4 on taktinen vaihto: napsautus p\u00e4\u00e4lle \/ pois takakannen, mik\u00e4 tekee siit\u00e4 k\u00e4ytt\u00e4j\u00e4yst\u00e4v\u00e4llisen. Toisen sukupolven paineaktivoitu nauhakytkin White-light and Strobe Output Ver. Se kiinnittyy turvallisesti mihin tahansa Mil-Spec Picatinny -kiskoon sekunneissa ja saa virtansa 2*CR123A (3.0V) tai 2*16340 (3.7V) paristoista.<\/p>\n","protected":false},"featured_media":58991,"template":"","meta":{"_acf_changed":false},"product_brand":[],"product_cat":[273],"product_tag":[],"class_list":{"0":"post-59222","1":"product","2":"type-product","3":"status-publish","4":"has-post-thumbnail","6":"product_cat-valaisimet","8":"first","9":"instock","10":"taxable","11":"shipping-taxable","12":"purchasable","13":"product-type-simple"},"acf":[],"_links":{"self":[{"href":"https:\/\/kingarms.ee\/fi\/wp-json\/wp\/v2\/product\/59222","targetHints":{"allow":["GET"]}}],"collection":[{"href":"https:\/\/kingarms.ee\/fi\/wp-json\/wp\/v2\/product"}],"about":[{"href":"https:\/\/kingarms.ee\/fi\/wp-json\/wp\/v2\/types\/product"}],"wp:featuredmedia":[{"embeddable":true,"href":"https:\/\/kingarms.ee\/fi\/wp-json\/wp\/v2\/media\/58991"}],"wp:attachment":[{"href":"https:\/\/kingarms.ee\/fi\/wp-json\/wp\/v2\/media?parent=59222"}],"wp:term":[{"taxonomy":"product_brand","embeddable":true,"href":"https:\/\/kingarms.ee\/fi\/wp-json\/wp\/v2\/product_brand?post=59222"},{"taxonomy":"product_cat","embeddable":true,"href":"https:\/\/kingarms.ee\/fi\/wp-json\/wp\/v2\/product_cat?post=59222"},{"taxonomy":"product_tag","embeddable":true,"href":"https:\/\/kingarms.ee\/fi\/wp-json\/wp\/v2\/product_tag?post=59222"}],"curies":[{"name":"wp","href":"https:\/\/api.w.org\/{rel}","templated":true}]}}