{"id":59233,"date":"2022-06-06T13:53:08","date_gmt":"2022-06-06T12:56:46","guid":{"rendered":"https:\/\/kingarms.ee\/product\/wmx200-tactical-weapon-light-night-evolution\/"},"modified":"2024-08-08T16:01:33","modified_gmt":"2024-08-08T13:01:33","slug":"wmx200-tactical-weapon-light-night-evolution-2","status":"publish","type":"product","link":"https:\/\/kingarms.ee\/fi\/product\/wmx200-tactical-weapon-light-night-evolution-2\/","title":{"rendered":"WMX200 Tactical Weapon Light [Night Evolution]"},"content":{"rendered":"","protected":false},"excerpt":{"rendered":"<p>WMX200 Tactical Weapon Light [Night Evolution]<\/p>\n<p>Metallirakenne<br \/>\n200 lumenia \/ 60 minuuttia ajoaika<br \/>\nSopii kiinnitett\u00e4v\u00e4ksi 20 mm Picatinny Rail System -k\u00e4sisuojaan<br \/>\nPainike\/painetyynyn kytkin<br \/>\nN\u00e4kym\u00e4t\u00f6n IR-valo tarjoaa huomaamattoman valaistuksen<\/p>\n","protected":false},"featured_media":58895,"template":"","meta":{"_acf_changed":false},"product_brand":[],"product_cat":[273],"product_tag":[],"class_list":{"0":"post-59233","1":"product","2":"type-product","3":"status-publish","4":"has-post-thumbnail","6":"product_cat-valaisimet","8":"first","9":"instock","10":"taxable","11":"shipping-taxable","12":"purchasable","13":"product-type-simple"},"acf":[],"_links":{"self":[{"href":"https:\/\/kingarms.ee\/fi\/wp-json\/wp\/v2\/product\/59233","targetHints":{"allow":["GET"]}}],"collection":[{"href":"https:\/\/kingarms.ee\/fi\/wp-json\/wp\/v2\/product"}],"about":[{"href":"https:\/\/kingarms.ee\/fi\/wp-json\/wp\/v2\/types\/product"}],"wp:featuredmedia":[{"embeddable":true,"href":"https:\/\/kingarms.ee\/fi\/wp-json\/wp\/v2\/media\/58895"}],"wp:attachment":[{"href":"https:\/\/kingarms.ee\/fi\/wp-json\/wp\/v2\/media?parent=59233"}],"wp:term":[{"taxonomy":"product_brand","embeddable":true,"href":"https:\/\/kingarms.ee\/fi\/wp-json\/wp\/v2\/product_brand?post=59233"},{"taxonomy":"product_cat","embeddable":true,"href":"https:\/\/kingarms.ee\/fi\/wp-json\/wp\/v2\/product_cat?post=59233"},{"taxonomy":"product_tag","embeddable":true,"href":"https:\/\/kingarms.ee\/fi\/wp-json\/wp\/v2\/product_tag?post=59233"}],"curies":[{"name":"wp","href":"https:\/\/api.w.org\/{rel}","templated":true}]}}