{"id":59243,"date":"2022-06-06T15:04:53","date_gmt":"2022-06-06T12:56:50","guid":{"rendered":"https:\/\/kingarms.ee\/product\/m600w-scout-asevalo-night-evolution\/"},"modified":"2024-08-08T15:51:24","modified_gmt":"2024-08-08T12:51:24","slug":"m600w-partio-asevalo","status":"publish","type":"product","link":"https:\/\/kingarms.ee\/fi\/product\/m600w-partio-asevalo\/","title":{"rendered":"M600W Scout-asevalo [Night Evolution]"},"content":{"rendered":"","protected":false},"excerpt":{"rendered":"<p>Scout-asevalo<\/p>\n<p>Kompakti M600 minimoi lis\u00e4painon, vapauttaa liukum\u00e4ell\u00e4 tilaa muille lis\u00e4varusteille ja parantaa aseen ohjattavuutta suurempiin WeaponLighteihin verrattuna. Se kiinnittyy integroidun py\u00e4lletyn p\u00e4\u00e4n puristimen avulla.<\/p>\n<p>T\u00e4h\u00e4n malliin on asennettu napsautustyyppinen takakannen kytkin: paina kytke\u00e4ksesi p\u00e4\u00e4lle hetken, paina edelleen napsauttaaksesi jatkuvasti. Kytkin on suojattu tahattoman aktivoinnin minimoimiseksi. Kaukos\u00e4\u00e4timen nauhakytkin on yhteensopiva.<\/p>\n<p>K\u00e4\u00e4nnetty osoitteessa www.DeepL.com\/Translator (ilmainen versio)<\/p>\n","protected":false},"featured_media":59018,"template":"","meta":{"_acf_changed":false},"product_brand":[],"product_cat":[273],"product_tag":[],"class_list":{"0":"post-59243","1":"product","2":"type-product","3":"status-publish","4":"has-post-thumbnail","6":"product_cat-valaisimet","8":"first","9":"instock","10":"taxable","11":"shipping-taxable","12":"purchasable","13":"product-type-simple"},"acf":[],"_links":{"self":[{"href":"https:\/\/kingarms.ee\/fi\/wp-json\/wp\/v2\/product\/59243","targetHints":{"allow":["GET"]}}],"collection":[{"href":"https:\/\/kingarms.ee\/fi\/wp-json\/wp\/v2\/product"}],"about":[{"href":"https:\/\/kingarms.ee\/fi\/wp-json\/wp\/v2\/types\/product"}],"wp:featuredmedia":[{"embeddable":true,"href":"https:\/\/kingarms.ee\/fi\/wp-json\/wp\/v2\/media\/59018"}],"wp:attachment":[{"href":"https:\/\/kingarms.ee\/fi\/wp-json\/wp\/v2\/media?parent=59243"}],"wp:term":[{"taxonomy":"product_brand","embeddable":true,"href":"https:\/\/kingarms.ee\/fi\/wp-json\/wp\/v2\/product_brand?post=59243"},{"taxonomy":"product_cat","embeddable":true,"href":"https:\/\/kingarms.ee\/fi\/wp-json\/wp\/v2\/product_cat?post=59243"},{"taxonomy":"product_tag","embeddable":true,"href":"https:\/\/kingarms.ee\/fi\/wp-json\/wp\/v2\/product_tag?post=59243"}],"curies":[{"name":"wp","href":"https:\/\/api.w.org\/{rel}","templated":true}]}}