{"id":59261,"date":"2022-06-06T15:19:50","date_gmt":"2022-06-06T13:16:32","guid":{"rendered":"https:\/\/kingarms.ee\/product\/gen-iii-kyparavalo-night-evolution\/"},"modified":"2024-08-08T15:47:50","modified_gmt":"2024-08-08T12:47:50","slug":"gen-iii-kypara-light-night-evolution","status":"publish","type":"product","link":"https:\/\/kingarms.ee\/fi\/product\/gen-iii-kypara-light-night-evolution\/","title":{"rendered":"Gen III kyp\u00e4r\u00e4valo [Night Evolution]"},"content":{"rendered":"","protected":false},"excerpt":{"rendered":"<p>Gen III kyp\u00e4r\u00e4valo<\/p>\n<p>Night Evolution Helmet Light Set Gen III, Light-yksik\u00f6ss\u00e4 on 3 valkoista LEDi\u00e4, 2 punaista ledi\u00e4 ja infrapuna IFF LED-majakka, jotka tarjoavat 30 lumenin LED-valotehon h\u00e4m\u00e4r\u00e4ss\u00e4. Sarjassa on kaksi sovitinkiinnityst\u00e4 sek\u00e4 Molle-alustalle ett\u00e4 MICH-kyp\u00e4r\u00e4lle, mik\u00e4 antaa k\u00e4ytt\u00e4j\u00e4lle enemm\u00e4n valinnanvaraa valoyksik\u00f6n kiinnitt\u00e4miseen.<\/p>\n<p><strong>Ominaisuudet:<\/strong><br \/>\n\u2022 Kolme l\u00e4ht\u00f6tilaa, joissa on 3 valkoista ledi\u00e4, 2 punaista ledi\u00e4 ja infrapuna IFF-LED-majakka<br \/>\n\u2022 Mukana 3 tason kirkkauden s\u00e4\u00e4t\u00f6<br \/>\n\u2022 Kaksi vaihtokytkint\u00e4 ja painekytkin t\u00e4ydelliseen ohjaukseen<br \/>\n\u2022 Mukana Molle-adapterikiinnitys mahdollistaa 125 drgee-kulman s\u00e4\u00e4d\u00f6n<br \/>\n\u2022 Mukana MICH-kyp\u00e4r\u00e4kiinnitys<br \/>\n\u2022 Virtal\u00e4hteen\u00e4 CR123A (3,0 V) tai 16430 (3,7 V) paristot<\/p>\n","protected":false},"featured_media":59079,"template":"","meta":{"_acf_changed":false},"product_brand":[],"product_cat":[678],"product_tag":[],"class_list":{"0":"post-59261","1":"product","2":"type-product","3":"status-publish","4":"has-post-thumbnail","6":"product_cat-ajovalot","8":"first","9":"instock","10":"taxable","11":"shipping-taxable","12":"purchasable","13":"product-type-simple"},"acf":[],"_links":{"self":[{"href":"https:\/\/kingarms.ee\/fi\/wp-json\/wp\/v2\/product\/59261","targetHints":{"allow":["GET"]}}],"collection":[{"href":"https:\/\/kingarms.ee\/fi\/wp-json\/wp\/v2\/product"}],"about":[{"href":"https:\/\/kingarms.ee\/fi\/wp-json\/wp\/v2\/types\/product"}],"wp:featuredmedia":[{"embeddable":true,"href":"https:\/\/kingarms.ee\/fi\/wp-json\/wp\/v2\/media\/59079"}],"wp:attachment":[{"href":"https:\/\/kingarms.ee\/fi\/wp-json\/wp\/v2\/media?parent=59261"}],"wp:term":[{"taxonomy":"product_brand","embeddable":true,"href":"https:\/\/kingarms.ee\/fi\/wp-json\/wp\/v2\/product_brand?post=59261"},{"taxonomy":"product_cat","embeddable":true,"href":"https:\/\/kingarms.ee\/fi\/wp-json\/wp\/v2\/product_cat?post=59261"},{"taxonomy":"product_tag","embeddable":true,"href":"https:\/\/kingarms.ee\/fi\/wp-json\/wp\/v2\/product_tag?post=59261"}],"curies":[{"name":"wp","href":"https:\/\/api.w.org\/{rel}","templated":true}]}}