{"id":59304,"date":"2022-06-06T15:30:37","date_gmt":"2022-06-06T13:29:00","guid":{"rendered":"https:\/\/kingarms.ee\/product\/hs510c-aurinkopunainen-ympyrapistetahtain-holosun-holosun\/"},"modified":"2024-08-08T15:45:43","modified_gmt":"2024-08-08T12:45:43","slug":"hs510c-solar-red-circle-dot-sight-holosun-2","status":"publish","type":"product","link":"https:\/\/kingarms.ee\/fi\/product\/hs510c-solar-red-circle-dot-sight-holosun-2\/","title":{"rendered":"HS510C aurinkopunainen ympyr\u00e4pistet\u00e4ht\u00e4in [Holosun]"},"content":{"rendered":"","protected":false},"excerpt":{"rendered":"<p>HS510C on avoin heijastava optinen t\u00e4ht\u00e4in, joka on suunniteltu kiv\u00e4\u00e4ri- ja karabiinisovelluksiin. Ominaisuuksiin kuuluu Holosunin Super LED jopa 50 000 tunnin akunkestolla, Multi-Reticle System, Solar Failsafe ja Shake Awake.<\/p>\n<p><strong>Solar Failsafe\u2122<\/strong> Holosun oli ensimm\u00e4inen, joka keksi mahdollisuuden k\u00e4ytt\u00e4\u00e4 elektronista optiikkaa pelk\u00e4st\u00e4\u00e4n valon voimalla! T\u00e4ll\u00e4 toiminnolla varustetut yksik\u00f6mme antavat sinulle varmuuden siit\u00e4, ett\u00e4 jos huomaat akun ep\u00e4onnistuneen, sinulla voi silti olla t\u00e4ysin toimiva optiikka, jos sinulla on riitt\u00e4v\u00e4sti ymp\u00e4rist\u00f6n valoa. Sill\u00e4 ei ole v\u00e4li\u00e4, onko valo luonnollista vai keinotekoista. Lis\u00e4ksi aurinkopaneeli toimii my\u00f6s valosensorina, jonka avulla laite voi automaattisesti s\u00e4\u00e4t\u00e4\u00e4 kirkkautta ymp\u00e4rist\u00f6ns\u00e4 kompensoimiseksi.<\/p>\n<p><strong>Shake Awake\u2122<\/strong> Toinen loistava Holosunin luoma teknologia on Shake Awake\u2122. T\u00e4m\u00e4n hienon ominaisuuden ansiosta optiikka menee automaattisesti lepotilaan, kun laite ei ole havainnut mink\u00e4\u00e4nlaista liikett\u00e4 tai t\u00e4rin\u00e4\u00e4 tietyn ajan kuluessa, jonka k\u00e4ytt\u00e4j\u00e4 voi ohjelmoida. Kun laite kuitenkin havaitsee liikkeen, se kytkeytyy automaattisesti p\u00e4\u00e4lle ja muistaa viimeksi k\u00e4ytetyn kirkkauden. T\u00e4m\u00e4 loistava ominaisuus auttaa pident\u00e4m\u00e4\u00e4n akun k\u00e4ytt\u00f6ik\u00e4\u00e4 ja varmistaa, ett\u00e4 laite on p\u00e4\u00e4ll\u00e4 ja valmiina, kun sit\u00e4 tarvitset!<\/p>\n<p><strong>Multiple Reticle System (MRS) <\/strong>MRS antaa k\u00e4ytt\u00e4j\u00e4lle joustavuuden k\u00e4ytt\u00e4\u00e4 optiikkaansa tarpeen mukaan. T\u00e4ll\u00e4 ominaisuudella varustetut yksik\u00f6t antavat k\u00e4ytt\u00e4j\u00e4lle mahdollisuuden kytke\u00e4 p\u00e4\u00e4lle tai pois tiettyj\u00e4 hiusristikon osia, mik\u00e4 mahdollistaa ihanteellisen ristikon k\u00e4sill\u00e4 olevaan ty\u00f6h\u00f6n. Jos tarvitset tarkan laukauksen, voit suorittaa vain 2MOA-pisteen. Tarvitset hiusristikon nopeaan kohteen hankintaan, kytke vain 65MOA:n lis\u00e4rengas p\u00e4\u00e4lle napin painalluksella! Parasta&#8230; ei tarvitse muuttaa optiikkaa vaihdettaessa ristikkovaihtoehtojen v\u00e4lill\u00e4!<\/p>\n","protected":false},"featured_media":59277,"template":"","meta":{"_acf_changed":false},"product_brand":[],"product_cat":[660],"product_tag":[],"class_list":{"0":"post-59304","1":"product","2":"type-product","3":"status-publish","4":"has-post-thumbnail","6":"product_cat-punapistetahtaimet","8":"first","9":"onbackorder","10":"taxable","11":"shipping-taxable","12":"product-type-simple"},"acf":[],"_links":{"self":[{"href":"https:\/\/kingarms.ee\/fi\/wp-json\/wp\/v2\/product\/59304","targetHints":{"allow":["GET"]}}],"collection":[{"href":"https:\/\/kingarms.ee\/fi\/wp-json\/wp\/v2\/product"}],"about":[{"href":"https:\/\/kingarms.ee\/fi\/wp-json\/wp\/v2\/types\/product"}],"wp:featuredmedia":[{"embeddable":true,"href":"https:\/\/kingarms.ee\/fi\/wp-json\/wp\/v2\/media\/59277"}],"wp:attachment":[{"href":"https:\/\/kingarms.ee\/fi\/wp-json\/wp\/v2\/media?parent=59304"}],"wp:term":[{"taxonomy":"product_brand","embeddable":true,"href":"https:\/\/kingarms.ee\/fi\/wp-json\/wp\/v2\/product_brand?post=59304"},{"taxonomy":"product_cat","embeddable":true,"href":"https:\/\/kingarms.ee\/fi\/wp-json\/wp\/v2\/product_cat?post=59304"},{"taxonomy":"product_tag","embeddable":true,"href":"https:\/\/kingarms.ee\/fi\/wp-json\/wp\/v2\/product_tag?post=59304"}],"curies":[{"name":"wp","href":"https:\/\/api.w.org\/{rel}","templated":true}]}}