{"id":59312,"date":"2022-06-06T13:50:06","date_gmt":"2022-06-06T13:38:01","guid":{"rendered":"https:\/\/kingarms.ee\/product\/akkulokero-403-503-515-holosun-holosun\/"},"modified":"2024-08-08T16:02:16","modified_gmt":"2024-08-08T13:02:16","slug":"akkulokero-403-503-515","status":"publish","type":"product","link":"https:\/\/kingarms.ee\/fi\/product\/akkulokero-403-503-515\/","title":{"rendered":"Akkulokero 403 \/ 503 \/ 515 [Holosun]"},"content":{"rendered":"","protected":false},"excerpt":{"rendered":"<p>Pieni paristolokero HOLOSUN mikrorefleksit\u00e4ht\u00e4yksiin.<\/p>\n<p>HOLOSUN-paristolokeroa HS-BATTERY-TRAY-BIG (mikro) k\u00e4ytet\u00e4\u00e4n CR2032-pariston asettamiseen. Se tekee vaikutuksen kompaktilla muotoilullaan ja \u00e4\u00e4rimm\u00e4isen kest\u00e4v\u00e4ll\u00e4 duralumiinirakenteella. Akkukotelo on helppo asettaa paikalleen ja kiinnitt\u00e4\u00e4 kahdella Torx-ruuvilla (sis\u00e4ltyy toimitukseen). Se on yhteensopiva HOLOSUN Mirco Reflex t\u00e4ht\u00e4inten 403B\/C;503BU\/C\/CU;515BU\/C\/CU kanssa.<\/p>\n<ul>\n<li>HOLOSUN MICRO RED DOTS mallille<\/li>\n<li>CR2032-pariston asennus<\/li>\n<li>helppok\u00e4ytt\u00f6inen<\/li>\n<li>kest\u00e4v\u00e4 ja kevyt<\/li>\n<li>kest\u00e4v\u00e4 duralumiinirakenne<\/li>\n<\/ul>\n","protected":false},"featured_media":59301,"template":"","meta":{"_acf_changed":false},"product_brand":[],"product_cat":[674],"product_tag":[],"class_list":{"0":"post-59312","1":"product","2":"type-product","3":"status-publish","4":"has-post-thumbnail","6":"product_cat-lupaukset","8":"first","9":"instock","10":"taxable","11":"shipping-taxable","12":"purchasable","13":"product-type-simple"},"acf":[],"_links":{"self":[{"href":"https:\/\/kingarms.ee\/fi\/wp-json\/wp\/v2\/product\/59312","targetHints":{"allow":["GET"]}}],"collection":[{"href":"https:\/\/kingarms.ee\/fi\/wp-json\/wp\/v2\/product"}],"about":[{"href":"https:\/\/kingarms.ee\/fi\/wp-json\/wp\/v2\/types\/product"}],"wp:featuredmedia":[{"embeddable":true,"href":"https:\/\/kingarms.ee\/fi\/wp-json\/wp\/v2\/media\/59301"}],"wp:attachment":[{"href":"https:\/\/kingarms.ee\/fi\/wp-json\/wp\/v2\/media?parent=59312"}],"wp:term":[{"taxonomy":"product_brand","embeddable":true,"href":"https:\/\/kingarms.ee\/fi\/wp-json\/wp\/v2\/product_brand?post=59312"},{"taxonomy":"product_cat","embeddable":true,"href":"https:\/\/kingarms.ee\/fi\/wp-json\/wp\/v2\/product_cat?post=59312"},{"taxonomy":"product_tag","embeddable":true,"href":"https:\/\/kingarms.ee\/fi\/wp-json\/wp\/v2\/product_tag?post=59312"}],"curies":[{"name":"wp","href":"https:\/\/api.w.org\/{rel}","templated":true}]}}