{"id":59798,"date":"2022-06-13T12:46:38","date_gmt":"2022-06-13T11:49:49","guid":{"rendered":"https:\/\/kingarms.ee\/product\/hs403r-red-dot-tahtain-holosun\/"},"modified":"2024-08-08T15:42:03","modified_gmt":"2024-08-08T12:42:03","slug":"hs403r-red-dot-sight-holosun-2","status":"publish","type":"product","link":"https:\/\/kingarms.ee\/fi\/product\/hs403r-red-dot-sight-holosun-2\/","title":{"rendered":"HS403R Red Dot t\u00e4ht\u00e4in [Holosun]"},"content":{"rendered":"","protected":false},"excerpt":{"rendered":"<p>HS403R on 20 mm:n mikrooptinen t\u00e4ht\u00e4in, joka on suunniteltu kiv\u00e4\u00e4ri- ja karabiinisovelluksiin. Ominaisuuksiin kuuluu uusi kiertokytkin, 12 kirkkausasetusta, Holosunin Super LED jopa 50 000 tunnin akunkestolla ja 2 MOA-pistett\u00e4.<\/p>\n<ul>\n<li>2 MOA-pisteristikko<\/li>\n<li>Akun kesto jopa 100 000 tuntia (asetus 6)<\/li>\n<li>12 Kirkkausasetus: 10 DL &amp; 2 NV Yhteensopiva<\/li>\n<li>Py\u00f6riv\u00e4 paristolokero<\/li>\n<li>Parallaksiton ja rajoittamaton silmien lievitys<\/li>\n<\/ul>\n","protected":false},"featured_media":59544,"template":"","meta":{"_acf_changed":false},"product_brand":[],"product_cat":[660],"product_tag":[],"class_list":{"0":"post-59798","1":"product","2":"type-product","3":"status-publish","4":"has-post-thumbnail","6":"product_cat-punapistetahtaimet","8":"first","9":"onbackorder","10":"taxable","11":"shipping-taxable","12":"product-type-simple"},"acf":[],"_links":{"self":[{"href":"https:\/\/kingarms.ee\/fi\/wp-json\/wp\/v2\/product\/59798","targetHints":{"allow":["GET"]}}],"collection":[{"href":"https:\/\/kingarms.ee\/fi\/wp-json\/wp\/v2\/product"}],"about":[{"href":"https:\/\/kingarms.ee\/fi\/wp-json\/wp\/v2\/types\/product"}],"wp:featuredmedia":[{"embeddable":true,"href":"https:\/\/kingarms.ee\/fi\/wp-json\/wp\/v2\/media\/59544"}],"wp:attachment":[{"href":"https:\/\/kingarms.ee\/fi\/wp-json\/wp\/v2\/media?parent=59798"}],"wp:term":[{"taxonomy":"product_brand","embeddable":true,"href":"https:\/\/kingarms.ee\/fi\/wp-json\/wp\/v2\/product_brand?post=59798"},{"taxonomy":"product_cat","embeddable":true,"href":"https:\/\/kingarms.ee\/fi\/wp-json\/wp\/v2\/product_cat?post=59798"},{"taxonomy":"product_tag","embeddable":true,"href":"https:\/\/kingarms.ee\/fi\/wp-json\/wp\/v2\/product_tag?post=59798"}],"curies":[{"name":"wp","href":"https:\/\/api.w.org\/{rel}","templated":true}]}}