{"id":59811,"date":"2022-06-13T13:25:53","date_gmt":"2022-06-13T11:49:56","guid":{"rendered":"https:\/\/kingarms.ee\/product\/he510c-gr-elite-green-dot-holosun\/"},"modified":"2024-08-08T15:39:58","modified_gmt":"2024-08-08T12:39:58","slug":"he510c-gr-elite-green-dot-holosun-2","status":"publish","type":"product","link":"https:\/\/kingarms.ee\/fi\/product\/he510c-gr-elite-green-dot-holosun-2\/","title":{"rendered":"HE510C-GR Elite Green Dot [Holosun]"},"content":{"rendered":"","protected":false},"excerpt":{"rendered":"<p>HE510C-GR on avoin heijastava optinen t\u00e4ht\u00e4in, joka on suunniteltu kiv\u00e4\u00e4ri- ja karabiinisovelluksiin. Ominaisuuksiin kuuluu Holosunin Green Super LED jopa 50 000 tunnin akunkestolla, Multi-Reticle System, Solar Failsafe ja Shake Awake.<\/p>\n<ul>\n<li>Vihre\u00e4 MRS: Circle Dot; 2 MOA-pistett\u00e4; 65 MOA ympyr\u00e4<\/li>\n<li>Akun kesto jopa 50 000 tuntia (asetus 6)<\/li>\n<li>12 Kirkkausasetus: 10 DL &amp; 2 NV Yhteensopiva<\/li>\n<li>K\u00e4tev\u00e4 lokero paristolokero<\/li>\n<li>Parallaksiton ja rajoittamaton silmien lievitys<\/li>\n<\/ul>\n","protected":false},"featured_media":59620,"template":"","meta":{"_acf_changed":false},"product_brand":[],"product_cat":[660],"product_tag":[],"class_list":{"0":"post-59811","1":"product","2":"type-product","3":"status-publish","4":"has-post-thumbnail","6":"product_cat-punapistetahtaimet","8":"first","9":"onbackorder","10":"taxable","11":"shipping-taxable","12":"product-type-simple"},"acf":[],"_links":{"self":[{"href":"https:\/\/kingarms.ee\/fi\/wp-json\/wp\/v2\/product\/59811","targetHints":{"allow":["GET"]}}],"collection":[{"href":"https:\/\/kingarms.ee\/fi\/wp-json\/wp\/v2\/product"}],"about":[{"href":"https:\/\/kingarms.ee\/fi\/wp-json\/wp\/v2\/types\/product"}],"wp:featuredmedia":[{"embeddable":true,"href":"https:\/\/kingarms.ee\/fi\/wp-json\/wp\/v2\/media\/59620"}],"wp:attachment":[{"href":"https:\/\/kingarms.ee\/fi\/wp-json\/wp\/v2\/media?parent=59811"}],"wp:term":[{"taxonomy":"product_brand","embeddable":true,"href":"https:\/\/kingarms.ee\/fi\/wp-json\/wp\/v2\/product_brand?post=59811"},{"taxonomy":"product_cat","embeddable":true,"href":"https:\/\/kingarms.ee\/fi\/wp-json\/wp\/v2\/product_cat?post=59811"},{"taxonomy":"product_tag","embeddable":true,"href":"https:\/\/kingarms.ee\/fi\/wp-json\/wp\/v2\/product_tag?post=59811"}],"curies":[{"name":"wp","href":"https:\/\/api.w.org\/{rel}","templated":true}]}}