{"id":59813,"date":"2022-06-13T13:51:35","date_gmt":"2022-06-13T11:49:57","guid":{"rendered":"https:\/\/kingarms.ee\/product\/he512t-rd-elite-solar-red-circle-dot-holosun\/"},"modified":"2024-08-08T15:37:07","modified_gmt":"2024-08-08T12:37:07","slug":"he512t-rd-elite-solar-red-circle-dot-holosun-2","status":"publish","type":"product","link":"https:\/\/kingarms.ee\/fi\/product\/he512t-rd-elite-solar-red-circle-dot-holosun-2\/","title":{"rendered":"HE512T-RD Elite Solar Red Circle Dot [Holosun]"},"content":{"rendered":"","protected":false},"excerpt":{"rendered":"<p>HE512T-RD on suljettu heijastava optinen t\u00e4ht\u00e4in, joka on suunniteltu kiv\u00e4\u00e4ri- ja karabiinisovelluksiin. Ominaisuuksiin kuuluu titaanikotelo, Holosunin Super LED jopa 50 000 tunnin akunkestolla, Multi-Reticle System, Solar Failsafe ja Shake Awake.<\/p>\n<ul>\n<li>MRS: Circle Dot; 2 MOA-pistett\u00e4; 65 MOA ympyr\u00e4<\/li>\n<li>Akun kesto jopa 50 000 tuntia (asetus 6)<\/li>\n<li>12 Kirkkausasetus: 10 DL &amp; 2 NV Yhteensopiva<\/li>\n<li>K\u00e4tev\u00e4 lokero paristolokero<\/li>\n<li>T\u00e4ysin suljettu muotoilu ja titaanikotelo<\/li>\n<li>Parallaksiton ja rajoittamaton silmien lievitys<\/li>\n<\/ul>\n","protected":false},"featured_media":59699,"template":"","meta":{"_acf_changed":false},"product_brand":[],"product_cat":[660],"product_tag":[],"class_list":{"0":"post-59813","1":"product","2":"type-product","3":"status-publish","4":"has-post-thumbnail","6":"product_cat-punapistetahtaimet","8":"first","9":"onbackorder","10":"taxable","11":"shipping-taxable","12":"product-type-simple"},"acf":[],"_links":{"self":[{"href":"https:\/\/kingarms.ee\/fi\/wp-json\/wp\/v2\/product\/59813","targetHints":{"allow":["GET"]}}],"collection":[{"href":"https:\/\/kingarms.ee\/fi\/wp-json\/wp\/v2\/product"}],"about":[{"href":"https:\/\/kingarms.ee\/fi\/wp-json\/wp\/v2\/types\/product"}],"wp:featuredmedia":[{"embeddable":true,"href":"https:\/\/kingarms.ee\/fi\/wp-json\/wp\/v2\/media\/59699"}],"wp:attachment":[{"href":"https:\/\/kingarms.ee\/fi\/wp-json\/wp\/v2\/media?parent=59813"}],"wp:term":[{"taxonomy":"product_brand","embeddable":true,"href":"https:\/\/kingarms.ee\/fi\/wp-json\/wp\/v2\/product_brand?post=59813"},{"taxonomy":"product_cat","embeddable":true,"href":"https:\/\/kingarms.ee\/fi\/wp-json\/wp\/v2\/product_cat?post=59813"},{"taxonomy":"product_tag","embeddable":true,"href":"https:\/\/kingarms.ee\/fi\/wp-json\/wp\/v2\/product_tag?post=59813"}],"curies":[{"name":"wp","href":"https:\/\/api.w.org\/{rel}","templated":true}]}}