{"id":59815,"date":"2022-06-13T14:20:42","date_gmt":"2022-06-13T11:49:57","guid":{"rendered":"https:\/\/kingarms.ee\/product\/ensiapupakkaus-molle\/"},"modified":"2024-08-08T15:33:03","modified_gmt":"2024-08-08T12:33:03","slug":"ensiapulaukku-molle","status":"publish","type":"product","link":"https:\/\/kingarms.ee\/fi\/product\/ensiapulaukku-molle\/","title":{"rendered":"Ensiapupakkaus [MOLLE]"},"content":{"rendered":"","protected":false},"excerpt":{"rendered":"<p><span lang=\"EN\">Revitett\u00e4v\u00e4n ensiapulaukun muodossa oleva pussi, joka on valmistettu kest\u00e4v\u00e4st\u00e4 <b>nailonista<\/b> ja varustettu koukku- ja silmukkapaneelilla. <\/span><\/p>\n<p><span lang=\"EN\">Pussissa on <b>vetoketju<\/b> . Sis\u00e4ll\u00e4 on j\u00e4rjest\u00e4j\u00e4 kaikille ensiapulaukussa oleville tavaroille: siteille, sakset jne. Sis\u00e4sein\u00e4ss\u00e4 on <b>kaksi<\/b> <b>litte\u00e4\u00e4 taskua<\/b> , joista yksi on kiinnitetty koukku- ja silmukkakiinnitysteipill\u00e4. Yhdess\u00e4 taskussa on <b>joustavasta materiaalista valmistettu nauha<\/b> &#8211; sopii erinomaisesti siteiden, kyn\u00e4n tai kemiallisen valon kantamiseen. Ulkosein\u00e4ss\u00e4 on viel\u00e4 yksi <b>litte\u00e4 tasku, ylim\u00e4\u00e4r\u00e4inen joustava materiaalinauha ja litte\u00e4 verkkotasku<\/b> vetoketjulla. <\/span><\/p>\n","protected":false},"featured_media":59780,"template":"","meta":{"_acf_changed":false},"product_brand":[],"product_cat":[264,481,646],"product_tag":[],"class_list":{"0":"post-59815","1":"product","2":"type-product","3":"status-publish","4":"has-post-thumbnail","6":"product_cat-taskut-laukut-vyot","7":"product_cat-ensiapu","8":"product_cat-taskut","10":"first","11":"instock","12":"taxable","13":"shipping-taxable","14":"purchasable","15":"product-type-simple"},"acf":[],"_links":{"self":[{"href":"https:\/\/kingarms.ee\/fi\/wp-json\/wp\/v2\/product\/59815","targetHints":{"allow":["GET"]}}],"collection":[{"href":"https:\/\/kingarms.ee\/fi\/wp-json\/wp\/v2\/product"}],"about":[{"href":"https:\/\/kingarms.ee\/fi\/wp-json\/wp\/v2\/types\/product"}],"wp:featuredmedia":[{"embeddable":true,"href":"https:\/\/kingarms.ee\/fi\/wp-json\/wp\/v2\/media\/59780"}],"wp:attachment":[{"href":"https:\/\/kingarms.ee\/fi\/wp-json\/wp\/v2\/media?parent=59815"}],"wp:term":[{"taxonomy":"product_brand","embeddable":true,"href":"https:\/\/kingarms.ee\/fi\/wp-json\/wp\/v2\/product_brand?post=59815"},{"taxonomy":"product_cat","embeddable":true,"href":"https:\/\/kingarms.ee\/fi\/wp-json\/wp\/v2\/product_cat?post=59815"},{"taxonomy":"product_tag","embeddable":true,"href":"https:\/\/kingarms.ee\/fi\/wp-json\/wp\/v2\/product_tag?post=59815"}],"curies":[{"name":"wp","href":"https:\/\/api.w.org\/{rel}","templated":true}]}}