{"id":59817,"date":"2022-06-13T12:08:57","date_gmt":"2022-06-13T11:50:48","guid":{"rendered":"https:\/\/kingarms.ee\/product\/he507c-gr-x2-elite-solar-green-ympyrapistetahtain-holosun\/"},"modified":"2024-08-08T15:44:17","modified_gmt":"2024-08-08T12:44:17","slug":"he507c-gr-x2-elite-aurinko-vihrea-ympyra-pistetahtain","status":"publish","type":"product","link":"https:\/\/kingarms.ee\/fi\/product\/he507c-gr-x2-elite-aurinko-vihrea-ympyra-pistetahtain\/","title":{"rendered":"HE507C-GR X2 Elite Solar Green ympyr\u00e4pistet\u00e4ht\u00e4in [Holosun]"},"content":{"rendered":"","protected":false},"excerpt":{"rendered":"<p>HE507C-GR on avoin heijastava optinen t\u00e4ht\u00e4in, joka on suunniteltu pistoolisovelluksiin. Ominaisuuksiin kuuluu Holosunin Green Super LED jopa 50 000 tunnin akunkestolla, Multi-Reticle System, Solar Failsafe ja Shake Awake.<\/p>\n<ul>\n<li>MRS: Circle Dot; 2 MOA-pistett\u00e4; 32 MOA ympyr\u00e4<\/li>\n<li>Super vihre\u00e4 LED<\/li>\n<li>Jopa 50 000 tunnin akunkesto (asetus 6)<\/li>\n<li>12 Kirkkausasetus: 10 DL &amp; 2 NV Yhteensopiva<\/li>\n<li>K\u00e4tev\u00e4 lokero paristolokero<\/li>\n<li>Parallaksiton ja rajoittamaton silmien lievitys<\/li>\n<\/ul>\n","protected":false},"featured_media":59416,"template":"","meta":{"_acf_changed":false},"product_brand":[],"product_cat":[660],"product_tag":[],"class_list":{"0":"post-59817","1":"product","2":"type-product","3":"status-publish","4":"has-post-thumbnail","6":"product_cat-punapistetahtaimet","8":"first","9":"onbackorder","10":"sale","11":"taxable","12":"shipping-taxable","13":"product-type-simple"},"acf":[],"_links":{"self":[{"href":"https:\/\/kingarms.ee\/fi\/wp-json\/wp\/v2\/product\/59817","targetHints":{"allow":["GET"]}}],"collection":[{"href":"https:\/\/kingarms.ee\/fi\/wp-json\/wp\/v2\/product"}],"about":[{"href":"https:\/\/kingarms.ee\/fi\/wp-json\/wp\/v2\/types\/product"}],"wp:featuredmedia":[{"embeddable":true,"href":"https:\/\/kingarms.ee\/fi\/wp-json\/wp\/v2\/media\/59416"}],"wp:attachment":[{"href":"https:\/\/kingarms.ee\/fi\/wp-json\/wp\/v2\/media?parent=59817"}],"wp:term":[{"taxonomy":"product_brand","embeddable":true,"href":"https:\/\/kingarms.ee\/fi\/wp-json\/wp\/v2\/product_brand?post=59817"},{"taxonomy":"product_cat","embeddable":true,"href":"https:\/\/kingarms.ee\/fi\/wp-json\/wp\/v2\/product_cat?post=59817"},{"taxonomy":"product_tag","embeddable":true,"href":"https:\/\/kingarms.ee\/fi\/wp-json\/wp\/v2\/product_tag?post=59817"}],"curies":[{"name":"wp","href":"https:\/\/api.w.org\/{rel}","templated":true}]}}