{"id":59827,"date":"2022-06-13T13:00:09","date_gmt":"2022-06-13T11:50:52","guid":{"rendered":"https:\/\/kingarms.ee\/product\/he530c-gr-aurinkopunainen-ympyrapiste-holosun\/"},"modified":"2024-08-08T15:40:38","modified_gmt":"2024-08-08T12:40:38","slug":"he530c-gr-aurinko-punainen-ympyra-piste-holosun","status":"publish","type":"product","link":"https:\/\/kingarms.ee\/fi\/product\/he530c-gr-aurinko-punainen-ympyra-piste-holosun\/","title":{"rendered":"HE530C-GR aurinkopunainen ympyr\u00e4piste [Holosun]"},"content":{"rendered":"","protected":false},"excerpt":{"rendered":"<p>HE530C-RD on 30 mm:n optinen t\u00e4ht\u00e4in, joka on suunniteltu kiv\u00e4\u00e4ri- ja karabiinisovelluksiin. Ominaisuuksiin kuuluu Titanium Housing, Solar Failsafe, Shake Awake, 12 kirkkausasetusta, Holosunin Super LED jopa 50 000 tunnin akunkestolla, Multi-Reticle System, Absolute Co-witness QD -kiinnitys, Kill-salama ja kirkkaat linssinsuojukset.<\/p>\n<ul>\n<li>MRS:2 MOA-piste; 2 MOA pistett\u00e4 ja 65 MOA ympyr\u00e4<\/li>\n<li>Akun kesto jopa 50 000 tuntia (asetus 6)<\/li>\n<li>12 Kirkkausasetus: 10 DL &amp; 2 NV Yhteensopiva<\/li>\n<li>Alustan paristolokero ja titaanikotelo<\/li>\n<li>Parallaksiton ja rajoittamaton silmien lievitys<\/li>\n<li>Pikakiinnitys Absolute Co-witness Mount<\/li>\n<\/ul>\n","protected":false},"featured_media":59553,"template":"","meta":{"_acf_changed":false},"product_brand":[],"product_cat":[660],"product_tag":[],"class_list":{"0":"post-59827","1":"product","2":"type-product","3":"status-publish","4":"has-post-thumbnail","6":"product_cat-punapistetahtaimet","8":"first","9":"onbackorder","10":"taxable","11":"shipping-taxable","12":"product-type-simple"},"acf":[],"_links":{"self":[{"href":"https:\/\/kingarms.ee\/fi\/wp-json\/wp\/v2\/product\/59827","targetHints":{"allow":["GET"]}}],"collection":[{"href":"https:\/\/kingarms.ee\/fi\/wp-json\/wp\/v2\/product"}],"about":[{"href":"https:\/\/kingarms.ee\/fi\/wp-json\/wp\/v2\/types\/product"}],"wp:featuredmedia":[{"embeddable":true,"href":"https:\/\/kingarms.ee\/fi\/wp-json\/wp\/v2\/media\/59553"}],"wp:attachment":[{"href":"https:\/\/kingarms.ee\/fi\/wp-json\/wp\/v2\/media?parent=59827"}],"wp:term":[{"taxonomy":"product_brand","embeddable":true,"href":"https:\/\/kingarms.ee\/fi\/wp-json\/wp\/v2\/product_brand?post=59827"},{"taxonomy":"product_cat","embeddable":true,"href":"https:\/\/kingarms.ee\/fi\/wp-json\/wp\/v2\/product_cat?post=59827"},{"taxonomy":"product_tag","embeddable":true,"href":"https:\/\/kingarms.ee\/fi\/wp-json\/wp\/v2\/product_tag?post=59827"}],"curies":[{"name":"wp","href":"https:\/\/api.w.org\/{rel}","templated":true}]}}