{"id":59829,"date":"2022-06-13T13:32:36","date_gmt":"2022-06-13T11:50:52","guid":{"rendered":"https:\/\/kingarms.ee\/product\/hm3xt-elite-suurennuslasi-holosun\/"},"modified":"2024-08-08T15:38:34","modified_gmt":"2024-08-08T12:38:34","slug":"hm3xt-elite-suurennuslasi-holosun","status":"publish","type":"product","link":"https:\/\/kingarms.ee\/fi\/product\/hm3xt-elite-suurennuslasi-holosun\/","title":{"rendered":"HM3XT Elite suurennuslasi [Holosun]"},"content":{"rendered":"","protected":false},"excerpt":{"rendered":"<p>HM3XT on titaanirunkoinen 3X suurennuslasi, joka sis\u00e4lt\u00e4\u00e4 pikakiinnityksen, k\u00e4\u00e4nnett\u00e4v\u00e4n sivulle -kiinnityksen Absolute- ja Lower 1\/3 Co-witness -kiinnitysratkaisuilla. Muita ominaisuuksia ovat 2,75 tuuman silm\u00e4kosketus, IP67-sertifioitu vedenpit\u00e4vyys sek\u00e4 tuulen ja korkeuden s\u00e4\u00e4t\u00f6 tarkkaa nollausta varten.<\/p>\n<ul>\n<li>Sivulle k\u00e4\u00e4nnett\u00e4v\u00e4 muotoilu<\/li>\n<li>Erinomaiset ominaisuudet ja selkeys<\/li>\n<li>Kompakti ja pieni muotoilu<\/li>\n<li>T\u00e4ydellinen titaanikotelo<\/li>\n<li>Mukana QD-kiinnitys ja v\u00e4likappale<\/li>\n<li>IP67 Vedenpit\u00e4v\u00e4<\/li>\n<\/ul>\n","protected":false},"featured_media":59653,"template":"","meta":{"_acf_changed":false},"product_brand":[],"product_cat":[911],"product_tag":[],"class_list":{"0":"post-59829","1":"product","2":"type-product","3":"status-publish","4":"has-post-thumbnail","6":"product_cat-surennus","8":"first","9":"onbackorder","10":"taxable","11":"shipping-taxable","12":"product-type-simple"},"acf":[],"_links":{"self":[{"href":"https:\/\/kingarms.ee\/fi\/wp-json\/wp\/v2\/product\/59829","targetHints":{"allow":["GET"]}}],"collection":[{"href":"https:\/\/kingarms.ee\/fi\/wp-json\/wp\/v2\/product"}],"about":[{"href":"https:\/\/kingarms.ee\/fi\/wp-json\/wp\/v2\/types\/product"}],"wp:featuredmedia":[{"embeddable":true,"href":"https:\/\/kingarms.ee\/fi\/wp-json\/wp\/v2\/media\/59653"}],"wp:attachment":[{"href":"https:\/\/kingarms.ee\/fi\/wp-json\/wp\/v2\/media?parent=59829"}],"wp:term":[{"taxonomy":"product_brand","embeddable":true,"href":"https:\/\/kingarms.ee\/fi\/wp-json\/wp\/v2\/product_brand?post=59829"},{"taxonomy":"product_cat","embeddable":true,"href":"https:\/\/kingarms.ee\/fi\/wp-json\/wp\/v2\/product_cat?post=59829"},{"taxonomy":"product_tag","embeddable":true,"href":"https:\/\/kingarms.ee\/fi\/wp-json\/wp\/v2\/product_tag?post=59829"}],"curies":[{"name":"wp","href":"https:\/\/api.w.org\/{rel}","templated":true}]}}