{"id":59834,"date":"2022-06-13T13:30:58","date_gmt":"2022-06-13T11:50:56","guid":{"rendered":"https:\/\/kingarms.ee\/product\/he508t-rd-x2-elite-solar-red-circle-dot-holosun\/"},"modified":"2024-08-08T15:39:16","modified_gmt":"2024-08-08T12:39:16","slug":"he508t-rd-x2-elite-solar-red-circle-dot-holosun-2","status":"publish","type":"product","link":"https:\/\/kingarms.ee\/fi\/product\/he508t-rd-x2-elite-solar-red-circle-dot-holosun-2\/","title":{"rendered":"HE508T-RD X2 Elite Solar Red Circle Dot [Holosun]"},"content":{"rendered":"","protected":false},"excerpt":{"rendered":"<p>HE508T-RD X2 on titaaninen, avoheijastin optinen t\u00e4ht\u00e4in, joka on suunniteltu pistoolisovelluksiin. X2-sarjan pistoolioptiikassa on kaksi parannusta. Ensimm\u00e4inen on Lock Mode -tilan lis\u00e4ys 2018-2019 LE-pistoolioptiikkamalleistamme. Lukitustila, kun se on aktivoitu, lukitsee painikkeet est\u00e4\u00e4kseen tahattomat asetusmuutokset. Toiseksi painikkeet on suunniteltu uudelleen t\u00e4ydent\u00e4m\u00e4\u00e4n lukitustilaa asettamalla ne alas ja pois tielt\u00e4. Muita ominaisuuksia ovat Titanium-kotelo, Holosunin Super LED jopa 50 000 tunnin akunkestolla, Solar Failsafe, Multi-Reticle System ja Shake Awake.<\/p>\n<ul>\n<li>MRS: Circle Dot; 2 MOA-pistett\u00e4; 32 MOA ympyr\u00e4<\/li>\n<li>Akun kesto jopa 50 000 tuntia (asetus 6)<\/li>\n<li>12 Kirkkausasetus: 10 DL &amp; 2 NV Yhteensopiva<\/li>\n<li>T\u00e4ydellinen titaanikotelo<\/li>\n<li>K\u00e4tev\u00e4 lokero paristolokero<\/li>\n<li>Parallaksiton ja rajoittamaton silmien lievitys<\/li>\n<\/ul>\n","protected":false},"featured_media":59624,"template":"","meta":{"_acf_changed":false},"product_brand":[],"product_cat":[660],"product_tag":[],"class_list":{"0":"post-59834","1":"product","2":"type-product","3":"status-publish","4":"has-post-thumbnail","6":"product_cat-punapistetahtaimet","8":"first","9":"onbackorder","10":"taxable","11":"shipping-taxable","12":"product-type-simple"},"acf":[],"_links":{"self":[{"href":"https:\/\/kingarms.ee\/fi\/wp-json\/wp\/v2\/product\/59834","targetHints":{"allow":["GET"]}}],"collection":[{"href":"https:\/\/kingarms.ee\/fi\/wp-json\/wp\/v2\/product"}],"about":[{"href":"https:\/\/kingarms.ee\/fi\/wp-json\/wp\/v2\/types\/product"}],"wp:featuredmedia":[{"embeddable":true,"href":"https:\/\/kingarms.ee\/fi\/wp-json\/wp\/v2\/media\/59624"}],"wp:attachment":[{"href":"https:\/\/kingarms.ee\/fi\/wp-json\/wp\/v2\/media?parent=59834"}],"wp:term":[{"taxonomy":"product_brand","embeddable":true,"href":"https:\/\/kingarms.ee\/fi\/wp-json\/wp\/v2\/product_brand?post=59834"},{"taxonomy":"product_cat","embeddable":true,"href":"https:\/\/kingarms.ee\/fi\/wp-json\/wp\/v2\/product_cat?post=59834"},{"taxonomy":"product_tag","embeddable":true,"href":"https:\/\/kingarms.ee\/fi\/wp-json\/wp\/v2\/product_tag?post=59834"}],"curies":[{"name":"wp","href":"https:\/\/api.w.org\/{rel}","templated":true}]}}