{"id":59845,"date":"2022-06-13T14:16:21","date_gmt":"2022-06-13T11:51:01","guid":{"rendered":"https:\/\/kingarms.ee\/product\/ris-kisko-sivukiinnitykseen-ak-kopioissa\/"},"modified":"2024-08-08T15:34:58","modified_gmt":"2024-08-08T12:34:58","slug":"ris-rail-for-side-mount-in-ak-replicas-2","status":"publish","type":"product","link":"https:\/\/kingarms.ee\/fi\/product\/ris-rail-for-side-mount-in-ak-replicas-2\/","title":{"rendered":"RIS-kisko sivukiinnitykseen AK-kopioissa"},"content":{"rendered":"","protected":false},"excerpt":{"rendered":"<p>RIS-kisko sivukiinnitykseen AK-kopioissa<\/p>\n<p>Kevyest\u00e4 mutta kest\u00e4v\u00e4st\u00e4 alumiinista valmistettu RIS-kisko, joka on tarkoitettu kiinnitett\u00e4v\u00e4ksi sivukiskoon AK-kopioissa &#8211; ns. lohenpyrst\u00f6liitos.<\/p>\n","protected":false},"featured_media":59754,"template":"","meta":{"_acf_changed":false},"product_brand":[],"product_cat":[737],"product_tag":[],"class_list":{"0":"post-59845","1":"product","2":"type-product","3":"status-publish","4":"has-post-thumbnail","6":"product_cat-lupaukset-fi","8":"first","9":"instock","10":"taxable","11":"shipping-taxable","12":"purchasable","13":"product-type-simple"},"acf":[],"_links":{"self":[{"href":"https:\/\/kingarms.ee\/fi\/wp-json\/wp\/v2\/product\/59845","targetHints":{"allow":["GET"]}}],"collection":[{"href":"https:\/\/kingarms.ee\/fi\/wp-json\/wp\/v2\/product"}],"about":[{"href":"https:\/\/kingarms.ee\/fi\/wp-json\/wp\/v2\/types\/product"}],"wp:featuredmedia":[{"embeddable":true,"href":"https:\/\/kingarms.ee\/fi\/wp-json\/wp\/v2\/media\/59754"}],"wp:attachment":[{"href":"https:\/\/kingarms.ee\/fi\/wp-json\/wp\/v2\/media?parent=59845"}],"wp:term":[{"taxonomy":"product_brand","embeddable":true,"href":"https:\/\/kingarms.ee\/fi\/wp-json\/wp\/v2\/product_brand?post=59845"},{"taxonomy":"product_cat","embeddable":true,"href":"https:\/\/kingarms.ee\/fi\/wp-json\/wp\/v2\/product_cat?post=59845"},{"taxonomy":"product_tag","embeddable":true,"href":"https:\/\/kingarms.ee\/fi\/wp-json\/wp\/v2\/product_tag?post=59845"}],"curies":[{"name":"wp","href":"https:\/\/api.w.org\/{rel}","templated":true}]}}