{"id":59940,"date":"2022-06-21T14:39:02","date_gmt":"2022-06-21T12:04:38","guid":{"rendered":"https:\/\/kingarms.ee\/product\/tg1-typpipakkaus\/"},"modified":"2024-12-21T17:57:08","modified_gmt":"2024-12-21T14:57:08","slug":"tg1-typpipakkaus","status":"publish","type":"product","link":"https:\/\/kingarms.ee\/fi\/product\/tg1-typpipakkaus\/","title":{"rendered":"TG1 Typpipakkaus"},"content":{"rendered":"","protected":false},"excerpt":{"rendered":"<p>TG1 Typpipakkaus<\/p>\n<p>TG 1 on 4,5 mm:n murtopiippuinen tarkkuuskiv\u00e4\u00e4ri, jonka teho on mustassa versiossa 10 joulea ja muissa v\u00e4reiss\u00e4 20 joulea. Valikoima on saatavilla viidess\u00e4 eri v\u00e4riss\u00e4, joten voit valita! T\u00e4h\u00e4n kiv\u00e4\u00e4riin asennettu typpij\u00e4rjestelm\u00e4 mahdollistaa kiv\u00e4\u00e4rin tehon paremman hallinnan ja helpomman uudelleensytytyksen. Ergonominen kahva ja s\u00e4\u00e4dett\u00e4v\u00e4 varsi mahdollistavat optimaalisen ampuma-asennon. Lis\u00e4ksi sen suujarru mahdollistaa vakaamman laukauksen ja paremman tarkkuuden. Lopuksi 4X40-kiikarit\u00e4ht\u00e4in antaa sinulle mahdollisuuden ampua pidemm\u00e4lle et\u00e4isyydelle. Nautitaan optimaalisesta ampumakokemuksesta!<\/p>\n","protected":false},"featured_media":142930,"template":"","meta":{"_acf_changed":false},"product_brand":[],"product_cat":[828],"product_tag":[],"class_list":{"0":"post-59940","1":"product","2":"type-product","3":"status-publish","4":"has-post-thumbnail","6":"product_cat-tarkka-ampuja-aseet-45mm","8":"first","9":"instock","10":"taxable","11":"shipping-taxable","12":"purchasable","13":"product-type-simple"},"acf":[],"_links":{"self":[{"href":"https:\/\/kingarms.ee\/fi\/wp-json\/wp\/v2\/product\/59940","targetHints":{"allow":["GET"]}}],"collection":[{"href":"https:\/\/kingarms.ee\/fi\/wp-json\/wp\/v2\/product"}],"about":[{"href":"https:\/\/kingarms.ee\/fi\/wp-json\/wp\/v2\/types\/product"}],"wp:featuredmedia":[{"embeddable":true,"href":"https:\/\/kingarms.ee\/fi\/wp-json\/wp\/v2\/media\/142930"}],"wp:attachment":[{"href":"https:\/\/kingarms.ee\/fi\/wp-json\/wp\/v2\/media?parent=59940"}],"wp:term":[{"taxonomy":"product_brand","embeddable":true,"href":"https:\/\/kingarms.ee\/fi\/wp-json\/wp\/v2\/product_brand?post=59940"},{"taxonomy":"product_cat","embeddable":true,"href":"https:\/\/kingarms.ee\/fi\/wp-json\/wp\/v2\/product_cat?post=59940"},{"taxonomy":"product_tag","embeddable":true,"href":"https:\/\/kingarms.ee\/fi\/wp-json\/wp\/v2\/product_tag?post=59940"}],"curies":[{"name":"wp","href":"https:\/\/api.w.org\/{rel}","templated":true}]}}