{"id":60194,"date":"2022-06-27T12:03:58","date_gmt":"2022-06-27T09:18:56","guid":{"rendered":"https:\/\/kingarms.ee\/product\/tactical-sixpack-charlie-530g\/"},"modified":"2024-08-08T15:25:16","modified_gmt":"2024-08-08T12:25:16","slug":"taktinen-sixpack-charlie-530g","status":"publish","type":"product","link":"https:\/\/kingarms.ee\/fi\/product\/taktinen-sixpack-charlie-530g\/","title":{"rendered":"Tactical Sixpack Charlie 530g"},"content":{"rendered":"","protected":false},"excerpt":{"rendered":"<p>Tactical Sixpack Charlie 530g<\/p>\n<p>Yhdistelm\u00e4paketti on tarkoitettu kahden p\u00e4iv\u00e4n matkalle. Charlien Tactical FoodPack sis\u00e4lt\u00e4\u00e4 6 erilaista ruokapakkausta tai 6 l\u00e4mmint\u00e4 ateriaa.<\/p>\n<p>Paketista l\u00f6yd\u00e4t seuraavat herkulliset ruoat<\/p>\n<p>\u2022 Riisivanukas marjoilla &#8211; nettopaino 90g, energiapitoisuus per annos 425 kcal<\/p>\n<p>\u2022 Mausteinen nuudelikeitto &#8211; nettopaino 70 g, energiapitoisuus annosta kohden 346 kcal<\/p>\n<p>\u2022 V\u00e4limerellinen Shakshuka-aamiainen &#8211; nettopaino 100 g, energiapitoisuus annosta kohden 436 kcal<\/p>\n<p>\u2022 Riisiruoka broilerin kera &#8211; nettopaino 100g, energiapitoisuus per annos 412 kcal<\/p>\n<p>\u2022 Punajuurikeitto fetaalla &#8211; nettopaino 60g, energiapitoisuus per annos 274 kcal<\/p>\n<p>\u2022 Kermainen kasvispasta &#8211; nettopaino 110 g, energiapitoisuus annosta kohti 513 kcal<\/p>\n<p>Lis\u00e4ksi olemme toimittaneet ruoan l\u00e4mmityspussin, jossa on l\u00e4mmityselementti, jonka avulla voit l\u00e4mmitt\u00e4\u00e4 ruokaa my\u00f6s silloin, kun kuumaa vett\u00e4 tai tulta ei ole mahdollista tehd\u00e4.<\/p>\n<p>SixPack Charlien kokonaisenergiasis\u00e4lt\u00f6 on 2406 kcal.<\/p>\n","protected":false},"featured_media":60182,"template":"","meta":{"_acf_changed":false},"product_brand":[],"product_cat":[363],"product_tag":[],"class_list":{"0":"post-60194","1":"product","2":"type-product","3":"status-publish","4":"has-post-thumbnail","6":"product_cat-taktinen-ruokapaketti","8":"first","9":"instock","10":"taxable","11":"shipping-taxable","12":"purchasable","13":"product-type-simple"},"acf":[],"_links":{"self":[{"href":"https:\/\/kingarms.ee\/fi\/wp-json\/wp\/v2\/product\/60194","targetHints":{"allow":["GET"]}}],"collection":[{"href":"https:\/\/kingarms.ee\/fi\/wp-json\/wp\/v2\/product"}],"about":[{"href":"https:\/\/kingarms.ee\/fi\/wp-json\/wp\/v2\/types\/product"}],"wp:featuredmedia":[{"embeddable":true,"href":"https:\/\/kingarms.ee\/fi\/wp-json\/wp\/v2\/media\/60182"}],"wp:attachment":[{"href":"https:\/\/kingarms.ee\/fi\/wp-json\/wp\/v2\/media?parent=60194"}],"wp:term":[{"taxonomy":"product_brand","embeddable":true,"href":"https:\/\/kingarms.ee\/fi\/wp-json\/wp\/v2\/product_brand?post=60194"},{"taxonomy":"product_cat","embeddable":true,"href":"https:\/\/kingarms.ee\/fi\/wp-json\/wp\/v2\/product_cat?post=60194"},{"taxonomy":"product_tag","embeddable":true,"href":"https:\/\/kingarms.ee\/fi\/wp-json\/wp\/v2\/product_tag?post=60194"}],"curies":[{"name":"wp","href":"https:\/\/api.w.org\/{rel}","templated":true}]}}