{"id":60198,"date":"2022-06-27T11:32:33","date_gmt":"2022-06-27T09:18:57","guid":{"rendered":"https:\/\/kingarms.ee\/product\/mre-diet-foxtrot-1-ateria-331g\/"},"modified":"2024-08-08T15:29:31","modified_gmt":"2024-08-08T12:29:31","slug":"meration-fokstrotti-1-ateria-331g","status":"publish","type":"product","link":"https:\/\/kingarms.ee\/fi\/product\/meration-fokstrotti-1-ateria-331g\/","title":{"rendered":"MRE Diet FOXTROT 1 ateria 331g"},"content":{"rendered":"","protected":false},"excerpt":{"rendered":"<p>Tactical Foodpack -annokset Delta, Echo ja Foxtrot on suunniteltu lyhyempiin haasteisiin. Annokset sis\u00e4lt\u00e4v\u00e4t yhden Tactical Foodpack -ateria, erilaisia v\u00e4lipaloja ja energiajuoman. Lis\u00e4varusteita ovat lusikka, Tactical-juomakuppi ja desinfioiva k\u00e4sienpuhdistusliina. Annospakkaus on uudelleensuljettava.<\/p>\n<p><strong>Ole teht\u00e4viesi arvoinen!<\/strong><\/p>\n<p>Paketti sis\u00e4lt\u00e4\u00e4 seuraavat:<\/p>\n<ul>\n<li>Naudan ja perunan nettopaino 100 g, energiapitoisuus annosta kohden 515 kcal<\/li>\n<li>Leip\u00e4 &#8211; nettopaino 100 g, energiapitoisuus annosta kohden 262 kcal<\/li>\n<li>Core Shake Tropical Mix &#8211; nettopaino 60 g, energiapitoisuus annosta kohti 306 kcal<\/li>\n<li>Turkey Jerky Hunaja ja Sinappi &#8211; nettopaino 40 g, energiapitoisuus per annos 112 kcal<\/li>\n<li>Energiajuoma greipinmakuinen &#8211; nettopaino 30 g, energiapitoisuus per annos 114 kcal<\/li>\n<li>Lusikka<\/li>\n<li>Desinfioiva k\u00e4sienpuhdistusliina<\/li>\n<li><\/li>\n<\/ul>\n<p>1 ateria-annos Foxtrotin energiasis\u00e4lt\u00f6: 1309 kcal<\/p>\n<p>Nettopaino: 331 g<\/p>\n<p><strong>Parasta ennen<\/strong> :<br clear=\"none\" \/>8 vuotta peruselintarvikkeille<br clear=\"none\" \/>2 vuotta taukoja<\/p>\n","protected":false},"featured_media":60144,"template":"","meta":{"_acf_changed":false},"product_brand":[],"product_cat":[363],"product_tag":[],"class_list":{"0":"post-60198","1":"product","2":"type-product","3":"status-publish","4":"has-post-thumbnail","6":"product_cat-taktinen-ruokapaketti","8":"first","9":"instock","10":"taxable","11":"shipping-taxable","12":"purchasable","13":"product-type-simple"},"acf":[],"_links":{"self":[{"href":"https:\/\/kingarms.ee\/fi\/wp-json\/wp\/v2\/product\/60198","targetHints":{"allow":["GET"]}}],"collection":[{"href":"https:\/\/kingarms.ee\/fi\/wp-json\/wp\/v2\/product"}],"about":[{"href":"https:\/\/kingarms.ee\/fi\/wp-json\/wp\/v2\/types\/product"}],"wp:featuredmedia":[{"embeddable":true,"href":"https:\/\/kingarms.ee\/fi\/wp-json\/wp\/v2\/media\/60144"}],"wp:attachment":[{"href":"https:\/\/kingarms.ee\/fi\/wp-json\/wp\/v2\/media?parent=60198"}],"wp:term":[{"taxonomy":"product_brand","embeddable":true,"href":"https:\/\/kingarms.ee\/fi\/wp-json\/wp\/v2\/product_brand?post=60198"},{"taxonomy":"product_cat","embeddable":true,"href":"https:\/\/kingarms.ee\/fi\/wp-json\/wp\/v2\/product_cat?post=60198"},{"taxonomy":"product_tag","embeddable":true,"href":"https:\/\/kingarms.ee\/fi\/wp-json\/wp\/v2\/product_tag?post=60198"}],"curies":[{"name":"wp","href":"https:\/\/api.w.org\/{rel}","templated":true}]}}