{"id":60205,"date":"2022-06-27T11:24:27","date_gmt":"2022-06-27T09:19:00","guid":{"rendered":"https:\/\/kingarms.ee\/product\/mre-diet-echo-1-ateria-346g\/"},"modified":"2024-08-08T15:30:12","modified_gmt":"2024-08-08T12:30:12","slug":"meration-echo-1-ateria-346g","status":"publish","type":"product","link":"https:\/\/kingarms.ee\/fi\/product\/meration-echo-1-ateria-346g\/","title":{"rendered":"MRE Diet ECHO 1 ateria 346g"},"content":{"rendered":"","protected":false},"excerpt":{"rendered":"<p>MRE Diet ECHO 1 ateria 346g<\/p>\n<p>Tactical Foodpack -annokset Delta, Echo ja Foxtrot on suunniteltu lyhyempiin haasteisiin. Annokset sis\u00e4lt\u00e4v\u00e4t yhden Tactical Foodpack -ateria, erilaisia v\u00e4lipaloja ja energiajuoman. Lis\u00e4varusteita ovat lusikka, Tactical-juomakuppi ja desinfioiva k\u00e4sienpuhdistusliina. Annospakkaus on uudelleensuljettava.<\/p>\n<p><strong>Ole teht\u00e4viesi arvoinen!<\/strong><\/p>\n<p>Paketti sis\u00e4lt\u00e4\u00e4 seuraavat:<\/p>\n<ul>\n<li>Perunamuusi pekonilla &#8211; nettopaino 110 g, energiapitoisuus per annos 601 kcal<\/li>\n<li>Leip\u00e4 &#8211; nettopaino 100 g, energiapitoisuus annosta kohden 262 kcal<\/li>\n<li>Core Shake Berry Blast &#8211; nettopaino 60 g, energiapitoisuus annosta kohti 287 kcal<\/li>\n<li>Beef Jerky Beef Teriyaki &#8211; nettopaino 40 g, energiapitoisuus annosta kohden 112,4 kcal<\/li>\n<li>Sitruunamakuinen energiajuoma &#8211; nettopaino 30 g, energiapitoisuus annosta kohden 114 kcal<\/li>\n<li>Lusikka<\/li>\n<li>Desinfioiva k\u00e4sienpuhdistusliina<\/li>\n<\/ul>\n<p>1 ateria-annos Delta energiasis\u00e4lt\u00f6: 1376 kcal<\/p>\n<p>Nettopaino: 341 g<\/p>\n<p><strong>Parasta ennen<\/strong> :<br clear=\"none\" \/>8 vuotta peruselintarvikkeille<br clear=\"none\" \/>2 vuotta taukoja<\/p>\n","protected":false},"featured_media":60139,"template":"","meta":{"_acf_changed":false},"product_brand":[],"product_cat":[363],"product_tag":[],"class_list":{"0":"post-60205","1":"product","2":"type-product","3":"status-publish","4":"has-post-thumbnail","6":"product_cat-taktinen-ruokapaketti","8":"first","9":"instock","10":"taxable","11":"shipping-taxable","12":"purchasable","13":"product-type-simple"},"acf":[],"_links":{"self":[{"href":"https:\/\/kingarms.ee\/fi\/wp-json\/wp\/v2\/product\/60205","targetHints":{"allow":["GET"]}}],"collection":[{"href":"https:\/\/kingarms.ee\/fi\/wp-json\/wp\/v2\/product"}],"about":[{"href":"https:\/\/kingarms.ee\/fi\/wp-json\/wp\/v2\/types\/product"}],"wp:featuredmedia":[{"embeddable":true,"href":"https:\/\/kingarms.ee\/fi\/wp-json\/wp\/v2\/media\/60139"}],"wp:attachment":[{"href":"https:\/\/kingarms.ee\/fi\/wp-json\/wp\/v2\/media?parent=60205"}],"wp:term":[{"taxonomy":"product_brand","embeddable":true,"href":"https:\/\/kingarms.ee\/fi\/wp-json\/wp\/v2\/product_brand?post=60205"},{"taxonomy":"product_cat","embeddable":true,"href":"https:\/\/kingarms.ee\/fi\/wp-json\/wp\/v2\/product_cat?post=60205"},{"taxonomy":"product_tag","embeddable":true,"href":"https:\/\/kingarms.ee\/fi\/wp-json\/wp\/v2\/product_tag?post=60205"}],"curies":[{"name":"wp","href":"https:\/\/api.w.org\/{rel}","templated":true}]}}