{"id":60208,"date":"2022-06-27T11:09:18","date_gmt":"2022-06-27T09:19:00","guid":{"rendered":"https:\/\/kingarms.ee\/product\/mre-diet-delta-1-ateria-341g\/"},"modified":"2024-08-08T15:30:55","modified_gmt":"2024-08-08T12:30:55","slug":"meration-delta-1-ateria-341g","status":"publish","type":"product","link":"https:\/\/kingarms.ee\/fi\/product\/meration-delta-1-ateria-341g\/","title":{"rendered":"MRE Diet DELTA 1 ateria 341g"},"content":{"rendered":"","protected":false},"excerpt":{"rendered":"<p>MRE Diet DELTA 1 ateria 341g<\/p>\n<p>Tactical Foodpack Delta, Echo ja Foxtrot on suunniteltu lyhyempiin haasteisiin. Annokset sis\u00e4lt\u00e4v\u00e4t yhden Tactical Foodpack -ateria, erilaisia v\u00e4lipaloja ja energiajuoman. Lis\u00e4varusteita ovat lusikka, Tactical-juomakuppi ja desinfioiva k\u00e4sienpuhdistusliina. Annospakkaus on uudelleensuljettava.<\/p>\n<p>Ole teht\u00e4viesi arvoinen!<\/p>\n<p>Paketti sis\u00e4lt\u00e4\u00e4 seuraavat:<\/p>\n<p>\u2022 Perunamuusi pekonilla &#8211; nettopaino 110 g, energiapitoisuus annosta kohden 601 kcal<\/p>\n<p>\u2022 Leip\u00e4 &#8211; nettopaino 100 g, energiapitoisuus annosta kohden 262 kcal<\/p>\n<p>\u2022 Core Shake Berry Blast &#8211; Nettopaino 60 g, energiasis\u00e4lt\u00f6 annosta kohti 287 kcal<\/p>\n<p>\u2022 Beef Jerky Beef Teriyaki &#8211; nettopaino 40 g, energiapitoisuus annosta kohti 112,4 kcal<\/p>\n<p>\u2022 Sitruunamakuinen energiajuoma &#8211; nettopaino 30 g, energiapitoisuus annosta kohden 114 kcal<\/p>\n<p>\u2022 Lusikka<\/p>\n<p>\u2022 Desinfioiva k\u00e4sienpuhdistusliina<\/p>\n<p>\u2022 1 ateria-annos Delta-energiasis\u00e4lt\u00f6: 1376 kcal<\/p>\n<p>Nettopaino: 341 g<\/p>\n<p>Parasta ennen:<\/p>\n<p>8 vuotta peruselintarvikkeille, 2 vuotta v\u00e4lipaloille<\/p>\n","protected":false},"featured_media":60133,"template":"","meta":{"_acf_changed":false},"product_brand":[],"product_cat":[363],"product_tag":[],"class_list":{"0":"post-60208","1":"product","2":"type-product","3":"status-publish","4":"has-post-thumbnail","6":"product_cat-taktinen-ruokapaketti","8":"first","9":"instock","10":"taxable","11":"shipping-taxable","12":"purchasable","13":"product-type-simple"},"acf":[],"_links":{"self":[{"href":"https:\/\/kingarms.ee\/fi\/wp-json\/wp\/v2\/product\/60208","targetHints":{"allow":["GET"]}}],"collection":[{"href":"https:\/\/kingarms.ee\/fi\/wp-json\/wp\/v2\/product"}],"about":[{"href":"https:\/\/kingarms.ee\/fi\/wp-json\/wp\/v2\/types\/product"}],"wp:featuredmedia":[{"embeddable":true,"href":"https:\/\/kingarms.ee\/fi\/wp-json\/wp\/v2\/media\/60133"}],"wp:attachment":[{"href":"https:\/\/kingarms.ee\/fi\/wp-json\/wp\/v2\/media?parent=60208"}],"wp:term":[{"taxonomy":"product_brand","embeddable":true,"href":"https:\/\/kingarms.ee\/fi\/wp-json\/wp\/v2\/product_brand?post=60208"},{"taxonomy":"product_cat","embeddable":true,"href":"https:\/\/kingarms.ee\/fi\/wp-json\/wp\/v2\/product_cat?post=60208"},{"taxonomy":"product_tag","embeddable":true,"href":"https:\/\/kingarms.ee\/fi\/wp-json\/wp\/v2\/product_tag?post=60208"}],"curies":[{"name":"wp","href":"https:\/\/api.w.org\/{rel}","templated":true}]}}