{"id":60217,"date":"2022-06-27T11:49:34","date_gmt":"2022-06-27T09:19:05","guid":{"rendered":"https:\/\/kingarms.ee\/product\/mre-ration-hotel-3-ateriaa-741g\/"},"modified":"2024-08-08T15:27:22","modified_gmt":"2024-08-08T12:27:22","slug":"meration-hotelli-3-ateriaa-741g","status":"publish","type":"product","link":"https:\/\/kingarms.ee\/fi\/product\/meration-hotelli-3-ateriaa-741g\/","title":{"rendered":"MRE RATION HOTEL 3 ateriaa 741g"},"content":{"rendered":"","protected":false},"excerpt":{"rendered":"<p>MRE RATION HOTEL 3 ateriaa 741g<\/p>\n<p>Tactical Foodpack Rations Golf, Hotel ja India on suunniteltu auttamaan sinua suunnittelemaan aikaasi ja ateriasi. Runsasravinteiset pakkaukset sis\u00e4lt\u00e4v\u00e4t kolme Tactical Foodpack -ateriaa, erilaisia v\u00e4lipaloja ja pakastekuivattua j\u00e4\u00e4tel\u00f6\u00e4 j\u00e4lkiruoaksi. Virkist\u00e4v\u00e4n\u00e4 juomana voit valmistaa kahvia tai kaakaota. Lis\u00e4varusteisiin kuuluvat lusikka, Tactical-juomakuppi ja Tactical-suihku ja k\u00e4sien desinfiointipyyhkeet henkil\u00f6kohtaiseen hygieniaan. Annospakkaus on uudelleensuljettava.<\/p>\n<p><strong>\u00c4l\u00e4 punastu \u2013 pid\u00e4 energiatasosi korkealla!<\/strong><\/p>\n<p>Paketti sis\u00e4lt\u00e4\u00e4 seuraavat:<\/p>\n<ul>\n<li>Riisivanukas marjoilla &#8211; nettopaino 90 g, energiapitoisuus per annos 425 kcal<\/li>\n<li>Riisiruoka porsaanlihalla &#8211; nettopaino 115 g, energiapitoisuus per annos 523 kcal<\/li>\n<li>Spagetti Bolognese &#8211; nettopaino 115 g, energiapitoisuus per annos 542 kcal<\/li>\n<li>Leip\u00e4 &#8211; nettopaino 100 g, energiapitoisuus annosta kohden 262 kcal<\/li>\n<li>Core Shake Fresh Green &#8211; nettopaino 60 g, energiapitoisuus annosta kohden 320 kcal<\/li>\n<li>Beef Jerky Teriyaki &#8211; nettopaino 40 g, energiapitoisuus annosta kohden 112,4 kcal<\/li>\n<li>Energiapatukka monivitamiini &#8211; nettopaino 125 g, energiapitoisuus annosta kohden 613,75 kcal<\/li>\n<li>Pakastekuivattu j\u00e4\u00e4tel\u00f6vanilja nettopaino 38 g, energiapitoisuus per annos 165 kcal<\/li>\n<li>Kahvi &#8211; nettopaino 2,4 g<\/li>\n<li>Sokeri &#8211; nettopaino 6 g, energiapitoisuus annosta kohden 23,7 kcal<\/li>\n<li>Kaakaon nettopaino 25 g, energiapitoisuus per annos 97,5 kcal<\/li>\n<li>Lusikka<\/li>\n<li>Juoma kuppi<\/li>\n<li>Taktinen suihku<\/li>\n<li>3x desinfioiva k\u00e4sienpuhdistusliina<\/li>\n<\/ul>\n<p>3 Ateria-annos Hotellin energiasis\u00e4lt\u00f6: 3080 kcal<\/p>\n<p>Nettopaino: 741 g<\/p>\n<p><strong>Parasta ennen<\/strong> :<br clear=\"none\" \/>8 vuotta peruselintarvikkeille<br clear=\"none\" \/>3 vuotta taukoja<\/p>\n","protected":false},"featured_media":60159,"template":"","meta":{"_acf_changed":false},"product_brand":[],"product_cat":[363],"product_tag":[],"class_list":{"0":"post-60217","1":"product","2":"type-product","3":"status-publish","4":"has-post-thumbnail","6":"product_cat-taktinen-ruokapaketti","8":"first","9":"instock","10":"taxable","11":"shipping-taxable","12":"purchasable","13":"product-type-simple"},"acf":[],"_links":{"self":[{"href":"https:\/\/kingarms.ee\/fi\/wp-json\/wp\/v2\/product\/60217","targetHints":{"allow":["GET"]}}],"collection":[{"href":"https:\/\/kingarms.ee\/fi\/wp-json\/wp\/v2\/product"}],"about":[{"href":"https:\/\/kingarms.ee\/fi\/wp-json\/wp\/v2\/types\/product"}],"wp:featuredmedia":[{"embeddable":true,"href":"https:\/\/kingarms.ee\/fi\/wp-json\/wp\/v2\/media\/60159"}],"wp:attachment":[{"href":"https:\/\/kingarms.ee\/fi\/wp-json\/wp\/v2\/media?parent=60217"}],"wp:term":[{"taxonomy":"product_brand","embeddable":true,"href":"https:\/\/kingarms.ee\/fi\/wp-json\/wp\/v2\/product_brand?post=60217"},{"taxonomy":"product_cat","embeddable":true,"href":"https:\/\/kingarms.ee\/fi\/wp-json\/wp\/v2\/product_cat?post=60217"},{"taxonomy":"product_tag","embeddable":true,"href":"https:\/\/kingarms.ee\/fi\/wp-json\/wp\/v2\/product_tag?post=60217"}],"curies":[{"name":"wp","href":"https:\/\/api.w.org\/{rel}","templated":true}]}}