{"id":60219,"date":"2022-06-27T12:09:51","date_gmt":"2022-06-27T09:19:05","guid":{"rendered":"https:\/\/kingarms.ee\/product\/viikkoruokasarja-weekpack-alpha-2080g\/"},"modified":"2024-08-08T15:24:35","modified_gmt":"2024-08-08T12:24:35","slug":"viikkoruokasarja-weekpack-alpha-2080g","status":"publish","type":"product","link":"https:\/\/kingarms.ee\/fi\/product\/viikkoruokasarja-weekpack-alpha-2080g\/","title":{"rendered":"Viikkoruokasarja WeekPack Alpha 2080g"},"content":{"rendered":"","protected":false},"excerpt":{"rendered":"<ul>\n<li>Viikkoruokasarja WeekPack Alpha 2080g<\/li>\n<li class=\"stock out-of-stock\"><strong>Koko viikon ruokavarasto yhdelle henkil\u00f6lle<\/strong><\/li>\n<li>L\u00e4hde patikoimaan, kalastamaan yst\u00e4vien kanssa, merelle tai mihin tahansa muuhun seikkailuun &#8211; ota Tactical Weekpack mukaasi, eik\u00e4 sinun tarvitse huolehtia ruoasta<\/li>\n<li>Varmuudeksi haluat kotiisi ruokaa, joka antaa perheellesi sen tarvitseman turvan lumimyrskyn, tulvien tai esimerkiksi s\u00e4hk\u00f6katkon sattuessa.<\/li>\n<li>WeekPack sis\u00e4lt\u00e4\u00e4 21 l\u00e4mmint\u00e4 ateriaa (10 herkullista p\u00e4\u00e4ruokaa, 7 aamiaista ja 4 keittoa)<\/li>\n<li>Viikkopaketin ruoat valmistetaan Virossa<\/li>\n<li>Lis\u00e4\u00e4 vain vett\u00e4<\/li>\n<\/ul>\n<p>Jos kuumaa vett\u00e4 ei voida valmistaa, suosittelemme, ett\u00e4 varaat varmuuden vuoksi <a href=\"https:\/\/toidupakk.ee\/tactical-foodpack\/tactical-fire-pot-suutegeel-40ml\/\">sytytysgeeli\u00e4<\/a> , jonka avulla voit helposti l\u00e4mmitt\u00e4\u00e4 ruoan kaikissa olosuhteissa. Tactical Fire Pot -sytytysgeelill\u00e4 voit l\u00e4mmitt\u00e4\u00e4 jopa 10 ruokapakkausta.<\/p>\n<p>Jos avotulta ei voida k\u00e4ytt\u00e4\u00e4 tai vett\u00e4 ei voida keitt\u00e4\u00e4, on saatavilla l\u00e4mmityselementill\u00e4 varustettu ruoanl\u00e4mmityspussi ruoan <a href=\"https:\/\/toidupakk.ee\/tactical-foodpack\/toidu-kuumutuskott-kutteelemendiga\/\">l\u00e4mmitt\u00e4miseen<\/a> . N\u00e4in voit valmistaa kaikki Tactical Foodpack -ateriat. L\u00e4mmityselementti <strong>reagoi kylm\u00e4\u00e4n veteen<\/strong> ja veden l\u00e4mp\u00f6tila nousee 100 asteeseen.<\/p>\n<p>&nbsp;<\/p>\n<p><strong>Viikkopakettiin sis\u00e4ltyv\u00e4t ateriat:<\/strong><\/p>\n<p>4x riisipuuroa vadelmilla. &#8211; nettopaino 90g, energiapitoisuus per annos 425 kcal<br \/>\n3x Kaurapuuro omenalla &#8211; nettopaino 90g, energiapitoisuus per annos 390 kcal<br \/>\n2x Spagetti Bolognese &#8211; nettopaino 115g, energiapitoisuus per annos 542 kcal<br \/>\n2x perunamuusia pekonilla &#8211; nettopaino 110g, energiapitoisuus per annos 601 kcal<br \/>\n2x Lihakeitto &#8211; nettopaino 90g, energiapitoisuus annosta kohden 440 kcal<br \/>\n2x Mausteinen nuudelikeitto. &#8211; nettopaino 70g, energiapitoisuus per annos 346 kcal<br \/>\n2x kana currya riisin kanssa. &#8211; nettopaino 100g, energiapitoisuus per annos 500 kcal<br \/>\n2x riisiruoka porsaanlihalla &#8211; nettopaino 115g, energiapitoisuus per annos 523 kcal<br \/>\n2x nuudeli kanan kanssa. &#8211; nettopaino 115g, energiapitoisuus per annos 550 kcal<\/p>\n<p>Kokonaisenergiapitoisuus: 9874 kcal<br clear=\"none\" \/>Proteiinit yhteens\u00e4: 355,2 g<\/p>\n<p><strong>Parasta ennen: 8 vuotta<\/strong><\/p>\n","protected":false},"featured_media":60187,"template":"","meta":{"_acf_changed":false},"product_brand":[],"product_cat":[363],"product_tag":[],"class_list":{"0":"post-60219","1":"product","2":"type-product","3":"status-publish","4":"has-post-thumbnail","6":"product_cat-taktinen-ruokapaketti","8":"first","9":"instock","10":"taxable","11":"shipping-taxable","12":"purchasable","13":"product-type-simple"},"acf":[],"_links":{"self":[{"href":"https:\/\/kingarms.ee\/fi\/wp-json\/wp\/v2\/product\/60219","targetHints":{"allow":["GET"]}}],"collection":[{"href":"https:\/\/kingarms.ee\/fi\/wp-json\/wp\/v2\/product"}],"about":[{"href":"https:\/\/kingarms.ee\/fi\/wp-json\/wp\/v2\/types\/product"}],"wp:featuredmedia":[{"embeddable":true,"href":"https:\/\/kingarms.ee\/fi\/wp-json\/wp\/v2\/media\/60187"}],"wp:attachment":[{"href":"https:\/\/kingarms.ee\/fi\/wp-json\/wp\/v2\/media?parent=60219"}],"wp:term":[{"taxonomy":"product_brand","embeddable":true,"href":"https:\/\/kingarms.ee\/fi\/wp-json\/wp\/v2\/product_brand?post=60219"},{"taxonomy":"product_cat","embeddable":true,"href":"https:\/\/kingarms.ee\/fi\/wp-json\/wp\/v2\/product_cat?post=60219"},{"taxonomy":"product_tag","embeddable":true,"href":"https:\/\/kingarms.ee\/fi\/wp-json\/wp\/v2\/product_tag?post=60219"}],"curies":[{"name":"wp","href":"https:\/\/api.w.org\/{rel}","templated":true}]}}