{"id":60220,"date":"2022-06-27T11:42:22","date_gmt":"2022-06-27T09:19:06","guid":{"rendered":"https:\/\/kingarms.ee\/product\/mre-diet-india-3-ateriaa-741g\/"},"modified":"2024-08-08T15:28:05","modified_gmt":"2024-08-08T12:28:05","slug":"meration-intia-3-ateria-741g","status":"publish","type":"product","link":"https:\/\/kingarms.ee\/fi\/product\/meration-intia-3-ateria-741g\/","title":{"rendered":"MRE Diet INDIA 3 ateriaa 741g"},"content":{"rendered":"","protected":false},"excerpt":{"rendered":"<p>MRE Diet INDIA 3 ateriaa 741g<\/p>\n<p>Tactical Foodpack Rations Golf, Hotel ja India on suunniteltu auttamaan sinua suunnittelemaan aikaasi ja ateriasi. Runsasravinteiset pakkaukset sis\u00e4lt\u00e4v\u00e4t kolme Tactical Foodpack -ateriaa, erilaisia v\u00e4lipaloja ja pakastekuivattua j\u00e4\u00e4tel\u00f6\u00e4 j\u00e4lkiruoaksi. Virkist\u00e4v\u00e4n\u00e4 juomana voit valmistaa kahvia tai kaakaota. Lis\u00e4varusteisiin kuuluvat lusikka, Tactical-juomakuppi ja Tactical-suihku ja k\u00e4sien desinfiointipyyhkeet henkil\u00f6kohtaiseen hygieniaan. Annospakkaus on uudelleensuljettava.<\/p>\n<p><strong>\u00c4l\u00e4 punastu \u2013 pid\u00e4 energiatasosi korkealla!<\/strong><\/p>\n<p>Paketti sis\u00e4lt\u00e4\u00e4 seuraavat:<\/p>\n<ul>\n<li>Rapeaa mysli\u00e4 mansikoilla &#8211; nettopaino 125 g, energiapitoisuus per annos 504 kcal<\/li>\n<li>Naudan ja perunan nettopaino 100 g, energiapitoisuus annosta kohden 515 kcal<\/li>\n<li>Nuudeli broilerin nettopaino 115 g, energiapitoisuus annosta kohden 550 kcal<\/li>\n<li>Leip\u00e4 &#8211; nettopaino 100 g, energiapitoisuus annosta kohden 262 kcal<\/li>\n<li>Core Shake Tropical Mix &#8211; nettopaino 60 g, energiapitoisuus annosta kohti 306 kcal<\/li>\n<li>Turkey Jerky -hunaja ja sinappi &#8211; Nettopaino 40 g, energiapitoisuus annosta kohden 112 kcal<\/li>\n<li>Veri Beri Cherry maustetut hedelm\u00e4suikaleet &#8211; nettopaino 50 g, energiapitoisuus per annos 174 kcal<\/li>\n<li>Energiapatukka maap\u00e4hkin\u00e4 nettopaino 120 g, energiapitoisuus annosta kohden 570 kcal<\/li>\n<li>Pakastekuivattu j\u00e4\u00e4tel\u00f6karamelli &#8211; nettopaino 38 g, energiapitoisuus per annos 174 kcal<\/li>\n<li>Kahvi &#8211; nettopaino 2,4 g<\/li>\n<li>Sokeri &#8211; nettopaino 6 g, energiapitoisuus annosta kohden 23,7 kcal<\/li>\n<li>Kaakaon nettopaino 25 g, energiapitoisuus per annos 97,5 kcal<\/li>\n<li>Lusikka<\/li>\n<li>Juoma kuppi<\/li>\n<li>Taktinen suihku<\/li>\n<li>3x desinfioiva k\u00e4sienpuhdistusliina<\/li>\n<\/ul>\n<p>3 ateria-annos Intia Energiasis\u00e4lt\u00f6: 2714 kcal<\/p>\n<p>Nettopaino: 680 g<\/p>\n<p><strong>Parasta ennen<\/strong> :<br clear=\"none\" \/>8 vuotta peruselintarvikkeille<br clear=\"none\" \/>3 vuotta taukoja<\/p>\n","protected":false},"featured_media":60163,"template":"","meta":{"_acf_changed":false},"product_brand":[],"product_cat":[363],"product_tag":[],"class_list":{"0":"post-60220","1":"product","2":"type-product","3":"status-publish","4":"has-post-thumbnail","6":"product_cat-taktinen-ruokapaketti","8":"first","9":"instock","10":"taxable","11":"shipping-taxable","12":"purchasable","13":"product-type-simple"},"acf":[],"_links":{"self":[{"href":"https:\/\/kingarms.ee\/fi\/wp-json\/wp\/v2\/product\/60220","targetHints":{"allow":["GET"]}}],"collection":[{"href":"https:\/\/kingarms.ee\/fi\/wp-json\/wp\/v2\/product"}],"about":[{"href":"https:\/\/kingarms.ee\/fi\/wp-json\/wp\/v2\/types\/product"}],"wp:featuredmedia":[{"embeddable":true,"href":"https:\/\/kingarms.ee\/fi\/wp-json\/wp\/v2\/media\/60163"}],"wp:attachment":[{"href":"https:\/\/kingarms.ee\/fi\/wp-json\/wp\/v2\/media?parent=60220"}],"wp:term":[{"taxonomy":"product_brand","embeddable":true,"href":"https:\/\/kingarms.ee\/fi\/wp-json\/wp\/v2\/product_brand?post=60220"},{"taxonomy":"product_cat","embeddable":true,"href":"https:\/\/kingarms.ee\/fi\/wp-json\/wp\/v2\/product_cat?post=60220"},{"taxonomy":"product_tag","embeddable":true,"href":"https:\/\/kingarms.ee\/fi\/wp-json\/wp\/v2\/product_tag?post=60220"}],"curies":[{"name":"wp","href":"https:\/\/api.w.org\/{rel}","templated":true}]}}