{"id":60358,"date":"2022-07-04T13:18:14","date_gmt":"2022-07-04T11:54:31","guid":{"rendered":"https:\/\/kingarms.ee\/product\/kasineet-fastfix-m-mechanix-gear\/"},"modified":"2024-08-08T15:22:18","modified_gmt":"2024-08-08T12:22:18","slug":"kasineet-fastfix-m-mechanix-gear","status":"publish","type":"product","link":"https:\/\/kingarms.ee\/fi\/product\/kasineet-fastfix-m-mechanix-gear\/","title":{"rendered":"K\u00e4sineet Fastfix M  [Mechanix Gear]"},"content":{"rendered":"","protected":false},"excerpt":{"rendered":"<div class=\"col-12\">L\u00e4mmit\u00e4 kuorma-auto ja poista j\u00e4\u00e4t\u00e4 ikkunoista ColdWork FastFit\u00ae -k\u00e4sineill\u00e4mme. Pysy askeleen edell\u00e4 kylm\u00e4\u00e4 mukavalla fleeceeristeell\u00e4 ja vedenkest\u00e4v\u00e4ll\u00e4 SoftShellill\u00e4, joka est\u00e4\u00e4 tuulta hiipim\u00e4st\u00e4 sis\u00e4\u00e4n. K\u00e4mmenpuolella on hyv\u00e4ksi havaittua synteettist\u00e4 nahkaa, johon on lis\u00e4tty kosketusn\u00e4ytt\u00f6teknologiaa, jotta olet aina yhteydess\u00e4.<\/div>\n<div class=\"col-12 col-md-5 offset-md-1\">\n<p>K\u00e4ytt\u00f6tarkoitus<\/p>\n<ul>\n<li>Huolto ja korjaus<\/li>\n<li>Laitteiden k\u00e4ytt\u00f6<\/li>\n<li>Kodin parantaminen<\/li>\n<\/ul>\n<\/div>\n","protected":false},"featured_media":60425,"template":"","meta":{"_acf_changed":false},"product_brand":[],"product_cat":[262],"product_tag":[],"class_list":{"0":"post-60358","1":"product","2":"type-product","3":"status-publish","4":"has-post-thumbnail","6":"product_cat-kasineet","8":"first","9":"instock","10":"sale","11":"taxable","12":"shipping-taxable","13":"purchasable","14":"product-type-simple"},"acf":[],"_links":{"self":[{"href":"https:\/\/kingarms.ee\/fi\/wp-json\/wp\/v2\/product\/60358","targetHints":{"allow":["GET"]}}],"collection":[{"href":"https:\/\/kingarms.ee\/fi\/wp-json\/wp\/v2\/product"}],"about":[{"href":"https:\/\/kingarms.ee\/fi\/wp-json\/wp\/v2\/types\/product"}],"wp:featuredmedia":[{"embeddable":true,"href":"https:\/\/kingarms.ee\/fi\/wp-json\/wp\/v2\/media\/60425"}],"wp:attachment":[{"href":"https:\/\/kingarms.ee\/fi\/wp-json\/wp\/v2\/media?parent=60358"}],"wp:term":[{"taxonomy":"product_brand","embeddable":true,"href":"https:\/\/kingarms.ee\/fi\/wp-json\/wp\/v2\/product_brand?post=60358"},{"taxonomy":"product_cat","embeddable":true,"href":"https:\/\/kingarms.ee\/fi\/wp-json\/wp\/v2\/product_cat?post=60358"},{"taxonomy":"product_tag","embeddable":true,"href":"https:\/\/kingarms.ee\/fi\/wp-json\/wp\/v2\/product_tag?post=60358"}],"curies":[{"name":"wp","href":"https:\/\/api.w.org\/{rel}","templated":true}]}}